{"id":287,"date":"2019-02-19T08:39:14","date_gmt":"2019-02-19T08:39:14","guid":{"rendered":"https:\/\/www.gilroynapolishort.com\/?page_id=287"},"modified":"2024-02-29T17:48:37","modified_gmt":"2024-02-29T17:48:37","slug":"contesting-stalking-restraining-orders","status":"publish","type":"page","link":"https:\/\/www.gilroynapolishort.com\/es\/practice-areas\/violent-crimes\/contesting-stalking-restraining-orders\/","title":{"rendered":"Impugnaci\u00f3n de \u00f3rdenes de acecho\/restricci\u00f3n"},"content":{"rendered":"<h1>Impugnaci\u00f3n de \u00f3rdenes de acecho\/restricci\u00f3n<\/h1>\n<p>Muchas veces, la mera sugerencia de que una persona es culpable de acecho, violar una orden de restricci\u00f3n o cualquier forma de abuso dom\u00e9stico es suficiente para llevar a esa persona a la c\u00e1rcel.\u00a0<a href=\"https:\/\/www.gilroynapolishort.com\/es\/criminal-defense\/\">defensa penal<\/a>Un abogado con experiencia en casos de violencia dom\u00e9stica puede proteger agresivamente los derechos del acusado.<\/p>\n<p>En Gilroy Napoli Short Law Group en Portland y Salem, nuestros\u00a0<a href=\"https:\/\/www.gilroynapolishort.com\/es\/attorney\/\">abogados<\/a>\u00a0Hemos defendido los intereses de los acusados de delitos durante m\u00e1s de 25 a\u00f1os. Conocemos el sistema judicial, a quienes hacen cumplir las leyes y a quienes las juzgan en los tribunales de Oreg\u00f3n. Investigamos, negociamos y litigamos con la misma competencia. Si lo acusan injustamente de acoso o de violar una orden de protecci\u00f3n, nuestro bufete lo acompa\u00f1ar\u00e1 durante todo el proceso legal.<\/p>\n<p><a href=\"https:\/\/www.gilroynapolishort.com\/es\/contact\/\">Cont\u00e1ctanos<\/a>Los abogados de Gilroy Napoli Short Law Group pueden impugnar su acusaci\u00f3n de acoso o las acusaciones de que desobedeci\u00f3 una orden de alejamiento. Llame al 503-747-7198 desde el \u00e1rea metropolitana de Portland o desde cualquier parte del estado. Agradecemos su correo electr\u00f3nico.<\/p>\n<h3>No lo haga solo \u00b7 Nuestros abogados con experiencia lo apoyar\u00e1n<\/h3>\n<p>En Oreg\u00f3n, una orden de protecci\u00f3n contra el acoso es una acci\u00f3n judicial permanente que forma parte de su historial con las autoridades. A partir de ese momento, un posible empleador podr\u00e1 encontrar este dato personal en cualquier verificaci\u00f3n de antecedentes que se le realice. El acceso a sus hijos podr\u00eda verse limitado. Se le podr\u00eda negar el derecho a poseer un arma de fuego.<\/p>\n<p>Trabajaremos para que su orden de protecci\u00f3n contra el acoso sea anulada o eliminada. La jurisprudencia nos permite hacerlo si las condiciones de la orden original ya no existen. Sea cual sea el cargo, sea cual sea el resultado, al final del proceso, usted sabr\u00e1 que sus derechos fueron protegidos.<\/p>\n<h2>Cont\u00e1ctenos para una consulta gratuita<\/h2>\n<p>Nuestras oficinas legales de Portland y Salem atienden a clientes en todo Oreg\u00f3n, incluidas ciudades como Beaverton y Hillsboro, y muchas m\u00e1s.\u00a0<a href=\"https:\/\/www.gilroynapolishort.com\/es\/contact\/\">Contacto<\/a>\u00a0Gilroy Napoli Short Law Group en\u00a0<strong>503-747-7198<\/strong>\u00a0para programar su consulta gratuita.<\/p>\n<p><strong>Se habla espa\u00f1ol.<\/strong><\/p>\n<p>Llame hoy para una consulta gratuita: <a href=\"tel:5037477198\">503-747-7198<\/a><\/p>","protected":false},"excerpt":{"rendered":"<p>Contesting Stalking \/ Restraining Orders Many times, the mere suggestion that a person is guilty of stalking, violating a restraining order or any form of domestic abuse is enough to&#8230;<\/p>","protected":false},"author":2,"featured_media":0,"parent":227,"menu_order":0,"comment_status":"closed","ping_status":"closed","template":"single-violent-crimes-page.php","meta":{"_acf_changed":false,"footnotes":""},"class_list":["post-287","page","type-page","status-publish","hentry"],"acf":[],"yoast_head":"<!-- This site is optimized with the Yoast SEO plugin v27.3 - https:\/\/yoast.com\/product\/yoast-seo-wordpress\/ -->\n<title>Contesting Stalking\/Restraining Orders - GNS Law Group<\/title>\n<meta name=\"robots\" content=\"index, follow, max-snippet:-1, max-image-preview:large, max-video-preview:-1\" \/>\n<link rel=\"canonical\" href=\"https:\/\/www.gilroynapolishort.com\/es\/practice-areas\/violent-crimes\/contesting-stalking-restraining-orders\/\" \/>\n<meta property=\"og:locale\" content=\"es_MX\" \/>\n<meta property=\"og:type\" content=\"article\" \/>\n<meta property=\"og:title\" content=\"Contesting Stalking\/Restraining Orders - GNS Law Group\" \/>\n<meta property=\"og:description\" content=\"Contesting Stalking \/ Restraining Orders Many times, the mere suggestion that a person is guilty of stalking, violating a restraining order or any form of domestic abuse is enough to...\" \/>\n<meta property=\"og:url\" content=\"https:\/\/www.gilroynapolishort.com\/es\/practice-areas\/violent-crimes\/contesting-stalking-restraining-orders\/\" \/>\n<meta property=\"og:site_name\" content=\"GNS Law Group\" \/>\n<meta property=\"article:modified_time\" content=\"2024-02-29T17:48:37+00:00\" \/>\n<meta name=\"twitter:card\" content=\"summary_large_image\" \/>\n<meta name=\"twitter:label1\" content=\"Est. reading time\" \/>\n\t<meta name=\"twitter:data1\" content=\"2 minutos\" \/>\n<script type=\"application\/ld+json\" class=\"yoast-schema-graph\">{\"@context\":\"https:\\\/\\\/schema.org\",\"@graph\":[{\"@type\":\"WebPage\",\"@id\":\"https:\\\/\\\/www.gilroynapolishort.com\\\/practice-areas\\\/violent-crimes\\\/contesting-stalking-restraining-orders\\\/\",\"url\":\"https:\\\/\\\/www.gilroynapolishort.com\\\/practice-areas\\\/violent-crimes\\\/contesting-stalking-restraining-orders\\\/\",\"name\":\"Contesting Stalking\\\/Restraining Orders - GNS Law Group\",\"isPartOf\":{\"@id\":\"https:\\\/\\\/www.gilroynapolishort.com\\\/#website\"},\"datePublished\":\"2019-02-19T08:39:14+00:00\",\"dateModified\":\"2024-02-29T17:48:37+00:00\",\"breadcrumb\":{\"@id\":\"https:\\\/\\\/www.gilroynapolishort.com\\\/practice-areas\\\/violent-crimes\\\/contesting-stalking-restraining-orders\\\/#breadcrumb\"},\"inLanguage\":\"es\",\"potentialAction\":[{\"@type\":\"ReadAction\",\"target\":[\"https:\\\/\\\/www.gilroynapolishort.com\\\/practice-areas\\\/violent-crimes\\\/contesting-stalking-restraining-orders\\\/\"]}]},{\"@type\":\"BreadcrumbList\",\"@id\":\"https:\\\/\\\/www.gilroynapolishort.com\\\/practice-areas\\\/violent-crimes\\\/contesting-stalking-restraining-orders\\\/#breadcrumb\",\"itemListElement\":[{\"@type\":\"ListItem\",\"position\":1,\"name\":\"Home\",\"item\":\"https:\\\/\\\/www.gilroynapolishort.com\\\/\"},{\"@type\":\"ListItem\",\"position\":2,\"name\":\"Practice Areas\",\"item\":\"https:\\\/\\\/www.gilroynapolishort.com\\\/practice-areas\\\/\"},{\"@type\":\"ListItem\",\"position\":3,\"name\":\"Violent Crimes\",\"item\":\"https:\\\/\\\/www.gilroynapolishort.com\\\/practice-areas\\\/violent-crimes\\\/\"},{\"@type\":\"ListItem\",\"position\":4,\"name\":\"Contesting Stalking\\\/Restraining Orders\"}]},{\"@type\":\"WebSite\",\"@id\":\"https:\\\/\\\/www.gilroynapolishort.com\\\/#website\",\"url\":\"https:\\\/\\\/www.gilroynapolishort.com\\\/\",\"name\":\"Gilroy Napoli Short Law Group\",\"description\":\"\",\"potentialAction\":[{\"@type\":\"SearchAction\",\"target\":{\"@type\":\"EntryPoint\",\"urlTemplate\":\"https:\\\/\\\/www.gilroynapolishort.com\\\/?s={search_term_string}\"},\"query-input\":{\"@type\":\"PropertyValueSpecification\",\"valueRequired\":true,\"valueName\":\"search_term_string\"}}],\"inLanguage\":\"es\"}]}<\/script>\n<!-- \/ Yoast SEO plugin. -->","yoast_head_json":{"title":"Contesting Stalking\/Restraining Orders - GNS Law Group","robots":{"index":"index","follow":"follow","max-snippet":"max-snippet:-1","max-image-preview":"max-image-preview:large","max-video-preview":"max-video-preview:-1"},"canonical":"https:\/\/www.gilroynapolishort.com\/es\/practice-areas\/violent-crimes\/contesting-stalking-restraining-orders\/","og_locale":"es_MX","og_type":"article","og_title":"Contesting Stalking\/Restraining Orders - GNS Law Group","og_description":"Contesting Stalking \/ Restraining Orders Many times, the mere suggestion that a person is guilty of stalking, violating a restraining order or any form of domestic abuse is enough to...","og_url":"https:\/\/www.gilroynapolishort.com\/es\/practice-areas\/violent-crimes\/contesting-stalking-restraining-orders\/","og_site_name":"GNS Law Group","article_modified_time":"2024-02-29T17:48:37+00:00","twitter_card":"summary_large_image","twitter_misc":{"Est. reading time":"2 minutos"},"schema":{"@context":"https:\/\/schema.org","@graph":[{"@type":"WebPage","@id":"https:\/\/www.gilroynapolishort.com\/practice-areas\/violent-crimes\/contesting-stalking-restraining-orders\/","url":"https:\/\/www.gilroynapolishort.com\/practice-areas\/violent-crimes\/contesting-stalking-restraining-orders\/","name":"Contesting Stalking\/Restraining Orders - GNS Law Group","isPartOf":{"@id":"https:\/\/www.gilroynapolishort.com\/#website"},"datePublished":"2019-02-19T08:39:14+00:00","dateModified":"2024-02-29T17:48:37+00:00","breadcrumb":{"@id":"https:\/\/www.gilroynapolishort.com\/practice-areas\/violent-crimes\/contesting-stalking-restraining-orders\/#breadcrumb"},"inLanguage":"es","potentialAction":[{"@type":"ReadAction","target":["https:\/\/www.gilroynapolishort.com\/practice-areas\/violent-crimes\/contesting-stalking-restraining-orders\/"]}]},{"@type":"BreadcrumbList","@id":"https:\/\/www.gilroynapolishort.com\/practice-areas\/violent-crimes\/contesting-stalking-restraining-orders\/#breadcrumb","itemListElement":[{"@type":"ListItem","position":1,"name":"Home","item":"https:\/\/www.gilroynapolishort.com\/"},{"@type":"ListItem","position":2,"name":"Practice Areas","item":"https:\/\/www.gilroynapolishort.com\/practice-areas\/"},{"@type":"ListItem","position":3,"name":"Violent Crimes","item":"https:\/\/www.gilroynapolishort.com\/practice-areas\/violent-crimes\/"},{"@type":"ListItem","position":4,"name":"Contesting Stalking\/Restraining Orders"}]},{"@type":"WebSite","@id":"https:\/\/www.gilroynapolishort.com\/#website","url":"https:\/\/www.gilroynapolishort.com\/","name":"Grupo de abogados Gilroy Napoli Short","description":"","potentialAction":[{"@type":"SearchAction","target":{"@type":"EntryPoint","urlTemplate":"https:\/\/www.gilroynapolishort.com\/?s={search_term_string}"},"query-input":{"@type":"PropertyValueSpecification","valueRequired":true,"valueName":"search_term_string"}}],"inLanguage":"es"}]}},"_links":{"self":[{"href":"https:\/\/www.gilroynapolishort.com\/es\/wp-json\/wp\/v2\/pages\/287","targetHints":{"allow":["GET"]}}],"collection":[{"href":"https:\/\/www.gilroynapolishort.com\/es\/wp-json\/wp\/v2\/pages"}],"about":[{"href":"https:\/\/www.gilroynapolishort.com\/es\/wp-json\/wp\/v2\/types\/page"}],"author":[{"embeddable":true,"href":"https:\/\/www.gilroynapolishort.com\/es\/wp-json\/wp\/v2\/users\/2"}],"replies":[{"embeddable":true,"href":"https:\/\/www.gilroynapolishort.com\/es\/wp-json\/wp\/v2\/comments?post=287"}],"version-history":[{"count":0,"href":"https:\/\/www.gilroynapolishort.com\/es\/wp-json\/wp\/v2\/pages\/287\/revisions"}],"up":[{"embeddable":true,"href":"https:\/\/www.gilroynapolishort.com\/es\/wp-json\/wp\/v2\/pages\/227"}],"wp:attachment":[{"href":"https:\/\/www.gilroynapolishort.com\/es\/wp-json\/wp\/v2\/media?parent=287"}],"curies":[{"name":"wp","href":"https:\/\/api.w.org\/{rel}","templated":true}]}}