{"id":289,"date":"2019-02-19T08:41:22","date_gmt":"2019-02-19T08:41:22","guid":{"rendered":"https:\/\/www.gilroynapolishort.com\/?page_id=289"},"modified":"2024-02-29T16:54:52","modified_gmt":"2024-02-29T16:54:52","slug":"wrongful-death","status":"publish","type":"page","link":"https:\/\/www.gilroynapolishort.com\/es\/practice-areas\/personal-injury\/wrongful-death\/","title":{"rendered":"Muerte por negligencia"},"content":{"rendered":"<h1>Abogado de muerte por negligencia en Oreg\u00f3n<\/h1>\n<p>La muerte por negligencia se define como la muerte de una persona causada por el acto u omisi\u00f3n il\u00edcitos de otro individuo.<\/p>\n<p>Si ha perdido a un ser querido como resultado de una <a href=\"https:\/\/www.gilroynapolishort.com\/es\/personal-injury\/personal-injury\/serious-injury-accidents\/\">accidente con lesiones graves<\/a>Nada puede reemplazar su p\u00e9rdida ni compensarlo adecuadamente. Pero contratar a un abogado con experiencia en homicidio culposo para que lo represente durante este per\u00edodo tumultuoso de su vida puede brindarle la sensaci\u00f3n de control, y quiz\u00e1s la justicia, que busca.<\/p>\n<p>Perder a un ser querido, especialmente en circunstancias inesperadas y tr\u00e1gicas, es un momento extremadamente estresante y emotivo para cualquiera. Lo entendemos y hemos ayudado a muchas personas como usted a recibir la compensaci\u00f3n que merecen. Solo un abogado con experiencia en Oregon... <strong>abogado de muerte por negligencia<\/strong> Un abogado especializado en homicidio culposo que lo represente ser\u00e1 atento y sensible a sus necesidades. Puede comenzar su camino hacia la recuperaci\u00f3n llamando a Gilroy Napoli Short Law Group al 503-747-7198 para programar una cita y hablar sobre su caso.<\/p>\n<h2>Sin cargos a menos que usted gane<\/h2>\n<p>En Gilroy Napoli Short Law Group, no se le cobrar\u00e1 ning\u00fan honorario a menos que ganemos su caso de homicidio culposo. Nuestros honorarios se basan en un porcentaje de la cantidad que obtengamos para usted. Adem\u00e1s, nunca llegamos a un acuerdo en su caso de homicidio culposo sin su autorizaci\u00f3n expl\u00edcita.<\/p>\n<h2>Compensaci\u00f3n: A qu\u00e9 tiene derecho en casos de muerte por negligencia<\/h2>\n<p>Si ha perdido a un ser querido debido a una muerte injusta, puede tener derecho a la siguiente compensaci\u00f3n:<\/p>\n<ul>\n<li>Compensaci\u00f3n por su dolor y sufrimiento<\/li>\n<li>Recuperaci\u00f3n de la p\u00e9rdida de ingresos del fallecido<\/li>\n<li>Compensaci\u00f3n por la p\u00e9rdida de compa\u00f1\u00eda<\/li>\n<li>Reembolso de gastos funerarios y de entierro<\/li>\n<li>Recuperaci\u00f3n de sus p\u00e9rdidas financieras actuales y futuras<\/li>\n<li>Reembolso de sus gastos de bolsillo<\/li>\n<li>Reembolso o pagos relacionados con gastos m\u00e9dicos<\/li>\n<\/ul>\n<h2>Compensaci\u00f3n: \u00bfCu\u00e1nto vale mi caso?<\/h2>\n<p>La cantidad de da\u00f1os que un abogado de muerte por negligencia de Oregon puede obtener para usted depende de varios factores, entre ellos:<\/p>\n<ul>\n<li>La edad y la salud del fallecido y de sus herederos<\/li>\n<li>La esperanza de vida del difunto y de sus herederos<\/li>\n<li>La p\u00e9rdida financiera y la p\u00e9rdida emocional<\/li>\n<li>La cobertura del seguro<\/li>\n<li>Si los familiares sobrevivientes depend\u00edan o no del fallecido para obtener ingresos para su manutenci\u00f3n<\/li>\n<li>La p\u00e9rdida de compa\u00f1\u00eda, amor y afecto hacia el c\u00f3nyuge sobreviviente, los hijos, los padres y otros familiares sobrevivientes.<\/li>\n<\/ul>\n<h2>Causas de muerte por negligencia<\/h2>\n<p>La mayor\u00eda de las veces, las muertes por negligencia son causadas por la negligencia, imprudencia o descuido de otra persona o entidad corporativa.<\/p>\n<p>Las causas comunes de muerte por negligencia incluyen:<\/p>\n<ul>\n<li>Accidentes de autob\u00fas<\/li>\n<li>Accidentes de coche<\/li>\n<li>Accidentes de construcci\u00f3n<\/li>\n<li>Productos defectuosos \/ responsabilidad del producto<\/li>\n<li>Conductores ebrios<\/li>\n<li>Incendios<\/li>\n<li>Accidentes industriales<\/li>\n<li>Negligencia m\u00e9dica<\/li>\n<li>Accidentes de motocicleta<\/li>\n<li>Accidentes de peatones<\/li>\n<li>Accidentes a\u00e9reos<\/li>\n<li>Accidentes de tren<\/li>\n<li>Accidentes de camiones<\/li>\n<\/ul>\n<h2>\u00bfPueden resolver mi caso fuera de los tribunales?<\/h2>\n<p>Los abogados especializados en homicidio culposo de Gilroy Napoli Short Law Group har\u00e1n todo lo posible para resolver su caso extrajudicialmente. Bas\u00e1ndonos en nuestra experiencia, la mayor\u00eda de nuestros casos de homicidio culposo se resuelven extrajudicialmente sin ir a juicio. Nunca resolveremos su caso extrajudicialmente sin su autorizaci\u00f3n expl\u00edcita.<\/p>\n<p><a href=\"https:\/\/www.gilroynapolishort.com\/es\/contact\/\">Cont\u00e1ctanos\u00a0<\/a>Para programar una consulta inicial gratuita y descubrir sus opciones legales, cont\u00e1ctenos hoy mismo. Contamos con oficinas legales en Bend, Salem y Portland, Oreg\u00f3n. Puede llamar a Gilroy Napoli Short Law Group al 503-747-7198.<\/p>\n<p><strong>Se habla espa\u00f1ol.<\/strong><\/p>\n<p>Llame hoy para una consulta gratuita: <a href=\"tel:5037477198\">503-747-7198<\/a><\/p>","protected":false},"excerpt":{"rendered":"<p>Oregon Wrongful Death Attorney WhetherWrongful death is defined as the death of a person caused by the wrongful act or omission of another individual. If you have lost a loved&#8230;<\/p>","protected":false},"author":2,"featured_media":0,"parent":233,"menu_order":0,"comment_status":"closed","ping_status":"closed","template":"single-personal-injury-page.php","meta":{"_acf_changed":false,"footnotes":""},"class_list":["post-289","page","type-page","status-publish","hentry"],"acf":[],"yoast_head":"<!-- This site is optimized with the Yoast SEO plugin v27.3 - https:\/\/yoast.com\/product\/yoast-seo-wordpress\/ -->\n<title>Wrongful Death - GNS Law Group<\/title>\n<meta name=\"robots\" content=\"index, follow, max-snippet:-1, max-image-preview:large, max-video-preview:-1\" \/>\n<link rel=\"canonical\" href=\"https:\/\/www.gilroynapolishort.com\/es\/practice-areas\/personal-injury\/wrongful-death\/\" \/>\n<meta property=\"og:locale\" content=\"es_MX\" \/>\n<meta property=\"og:type\" content=\"article\" \/>\n<meta property=\"og:title\" content=\"Wrongful Death - GNS Law Group\" \/>\n<meta property=\"og:description\" content=\"Oregon Wrongful Death Attorney WhetherWrongful death is defined as the death of a person caused by the wrongful act or omission of another individual. If you have lost a loved...\" \/>\n<meta property=\"og:url\" content=\"https:\/\/www.gilroynapolishort.com\/es\/practice-areas\/personal-injury\/wrongful-death\/\" \/>\n<meta property=\"og:site_name\" content=\"GNS Law Group\" \/>\n<meta property=\"article:modified_time\" content=\"2024-02-29T16:54:52+00:00\" \/>\n<meta name=\"twitter:card\" content=\"summary_large_image\" \/>\n<meta name=\"twitter:label1\" content=\"Est. reading time\" \/>\n\t<meta name=\"twitter:data1\" content=\"3 minutos\" \/>\n<script type=\"application\/ld+json\" class=\"yoast-schema-graph\">{\"@context\":\"https:\\\/\\\/schema.org\",\"@graph\":[{\"@type\":\"WebPage\",\"@id\":\"https:\\\/\\\/www.gilroynapolishort.com\\\/practice-areas\\\/personal-injury\\\/wrongful-death\\\/\",\"url\":\"https:\\\/\\\/www.gilroynapolishort.com\\\/practice-areas\\\/personal-injury\\\/wrongful-death\\\/\",\"name\":\"Wrongful Death - GNS Law Group\",\"isPartOf\":{\"@id\":\"https:\\\/\\\/www.gilroynapolishort.com\\\/#website\"},\"datePublished\":\"2019-02-19T08:41:22+00:00\",\"dateModified\":\"2024-02-29T16:54:52+00:00\",\"breadcrumb\":{\"@id\":\"https:\\\/\\\/www.gilroynapolishort.com\\\/practice-areas\\\/personal-injury\\\/wrongful-death\\\/#breadcrumb\"},\"inLanguage\":\"es\",\"potentialAction\":[{\"@type\":\"ReadAction\",\"target\":[\"https:\\\/\\\/www.gilroynapolishort.com\\\/practice-areas\\\/personal-injury\\\/wrongful-death\\\/\"]}]},{\"@type\":\"BreadcrumbList\",\"@id\":\"https:\\\/\\\/www.gilroynapolishort.com\\\/practice-areas\\\/personal-injury\\\/wrongful-death\\\/#breadcrumb\",\"itemListElement\":[{\"@type\":\"ListItem\",\"position\":1,\"name\":\"Home\",\"item\":\"https:\\\/\\\/www.gilroynapolishort.com\\\/\"},{\"@type\":\"ListItem\",\"position\":2,\"name\":\"Practice Areas\",\"item\":\"https:\\\/\\\/www.gilroynapolishort.com\\\/practice-areas\\\/\"},{\"@type\":\"ListItem\",\"position\":3,\"name\":\"Personal Injury\",\"item\":\"https:\\\/\\\/www.gilroynapolishort.com\\\/practice-areas\\\/personal-injury\\\/\"},{\"@type\":\"ListItem\",\"position\":4,\"name\":\"Wrongful Death\"}]},{\"@type\":\"WebSite\",\"@id\":\"https:\\\/\\\/www.gilroynapolishort.com\\\/#website\",\"url\":\"https:\\\/\\\/www.gilroynapolishort.com\\\/\",\"name\":\"Gilroy Napoli Short Law Group\",\"description\":\"\",\"potentialAction\":[{\"@type\":\"SearchAction\",\"target\":{\"@type\":\"EntryPoint\",\"urlTemplate\":\"https:\\\/\\\/www.gilroynapolishort.com\\\/?s={search_term_string}\"},\"query-input\":{\"@type\":\"PropertyValueSpecification\",\"valueRequired\":true,\"valueName\":\"search_term_string\"}}],\"inLanguage\":\"es\"}]}<\/script>\n<!-- \/ Yoast SEO plugin. -->","yoast_head_json":{"title":"Wrongful Death - GNS Law Group","robots":{"index":"index","follow":"follow","max-snippet":"max-snippet:-1","max-image-preview":"max-image-preview:large","max-video-preview":"max-video-preview:-1"},"canonical":"https:\/\/www.gilroynapolishort.com\/es\/practice-areas\/personal-injury\/wrongful-death\/","og_locale":"es_MX","og_type":"article","og_title":"Wrongful Death - GNS Law Group","og_description":"Oregon Wrongful Death Attorney WhetherWrongful death is defined as the death of a person caused by the wrongful act or omission of another individual. If you have lost a loved...","og_url":"https:\/\/www.gilroynapolishort.com\/es\/practice-areas\/personal-injury\/wrongful-death\/","og_site_name":"GNS Law Group","article_modified_time":"2024-02-29T16:54:52+00:00","twitter_card":"summary_large_image","twitter_misc":{"Est. reading time":"3 minutos"},"schema":{"@context":"https:\/\/schema.org","@graph":[{"@type":"WebPage","@id":"https:\/\/www.gilroynapolishort.com\/practice-areas\/personal-injury\/wrongful-death\/","url":"https:\/\/www.gilroynapolishort.com\/practice-areas\/personal-injury\/wrongful-death\/","name":"Wrongful Death - GNS Law Group","isPartOf":{"@id":"https:\/\/www.gilroynapolishort.com\/#website"},"datePublished":"2019-02-19T08:41:22+00:00","dateModified":"2024-02-29T16:54:52+00:00","breadcrumb":{"@id":"https:\/\/www.gilroynapolishort.com\/practice-areas\/personal-injury\/wrongful-death\/#breadcrumb"},"inLanguage":"es","potentialAction":[{"@type":"ReadAction","target":["https:\/\/www.gilroynapolishort.com\/practice-areas\/personal-injury\/wrongful-death\/"]}]},{"@type":"BreadcrumbList","@id":"https:\/\/www.gilroynapolishort.com\/practice-areas\/personal-injury\/wrongful-death\/#breadcrumb","itemListElement":[{"@type":"ListItem","position":1,"name":"Home","item":"https:\/\/www.gilroynapolishort.com\/"},{"@type":"ListItem","position":2,"name":"Practice Areas","item":"https:\/\/www.gilroynapolishort.com\/practice-areas\/"},{"@type":"ListItem","position":3,"name":"Personal Injury","item":"https:\/\/www.gilroynapolishort.com\/practice-areas\/personal-injury\/"},{"@type":"ListItem","position":4,"name":"Wrongful Death"}]},{"@type":"WebSite","@id":"https:\/\/www.gilroynapolishort.com\/#website","url":"https:\/\/www.gilroynapolishort.com\/","name":"Grupo de abogados Gilroy Napoli Short","description":"","potentialAction":[{"@type":"SearchAction","target":{"@type":"EntryPoint","urlTemplate":"https:\/\/www.gilroynapolishort.com\/?s={search_term_string}"},"query-input":{"@type":"PropertyValueSpecification","valueRequired":true,"valueName":"search_term_string"}}],"inLanguage":"es"}]}},"_links":{"self":[{"href":"https:\/\/www.gilroynapolishort.com\/es\/wp-json\/wp\/v2\/pages\/289","targetHints":{"allow":["GET"]}}],"collection":[{"href":"https:\/\/www.gilroynapolishort.com\/es\/wp-json\/wp\/v2\/pages"}],"about":[{"href":"https:\/\/www.gilroynapolishort.com\/es\/wp-json\/wp\/v2\/types\/page"}],"author":[{"embeddable":true,"href":"https:\/\/www.gilroynapolishort.com\/es\/wp-json\/wp\/v2\/users\/2"}],"replies":[{"embeddable":true,"href":"https:\/\/www.gilroynapolishort.com\/es\/wp-json\/wp\/v2\/comments?post=289"}],"version-history":[{"count":0,"href":"https:\/\/www.gilroynapolishort.com\/es\/wp-json\/wp\/v2\/pages\/289\/revisions"}],"up":[{"embeddable":true,"href":"https:\/\/www.gilroynapolishort.com\/es\/wp-json\/wp\/v2\/pages\/233"}],"wp:attachment":[{"href":"https:\/\/www.gilroynapolishort.com\/es\/wp-json\/wp\/v2\/media?parent=289"}],"curies":[{"name":"wp","href":"https:\/\/api.w.org\/{rel}","templated":true}]}}