{"id":293,"date":"2019-02-19T08:42:09","date_gmt":"2019-02-19T08:42:09","guid":{"rendered":"https:\/\/www.gilroynapolishort.com\/?page_id=293"},"modified":"2024-02-29T16:55:40","modified_gmt":"2024-02-29T16:55:40","slug":"serious-injury-accidents","status":"publish","type":"page","link":"https:\/\/www.gilroynapolishort.com\/es\/practice-areas\/personal-injury\/serious-injury-accidents\/","title":{"rendered":"Accidentes con lesiones graves"},"content":{"rendered":"<h1>Accidentes con lesiones graves<\/h1>\n<p>Las demandas y reclamaciones por lesiones graves surgen cuando las personas resultan lesionadas por el descuido, la negligencia o los actos intencionales de otros, o por productos defectuosos. Cuando una persona o empresa es legalmente responsable de lesionar a alguien, es responsable de la lesi\u00f3n y puede verse obligada a indemnizar a la persona lesionada.<\/p>\n<p>Gilroy Napoli Short Law Group es un bufete local reconocido por su \u00e9xito en la representaci\u00f3n de clientes en todo tipo de demandas por lesiones graves, negligencia m\u00e9dica, residencias de ancianos y homicidio culposo. Nuestros abogados especializados en lesiones graves en Portland se comprometen a proteger los derechos de las personas que sufren lesiones graves por la negligencia o el descuido de terceros.<\/p>\n<p>Si desea hablar con uno de nuestros abogados sobre un posible caso, ll\u00e1menos al 503-747-7198.<\/p>\n<p>Cuando nuestros abogados se hacen cargo de su caso de lesiones graves, tienen un solo objetivo: obtener los mejores resultados posibles. Nuestros abogados especializados en lesiones manejan todo tipo de reclamos por lesiones en Portland y en todo el estado de Oreg\u00f3n. Algunos ejemplos de los casos que manejamos incluyen:<\/p>\n<h2>Accidentes de coche, motocicleta y cami\u00f3n<\/h2>\n<p>Si ha sufrido un accidente de auto, motocicleta o cami\u00f3n que le ha provocado lesiones graves, a menudo es necesario contratar a un abogado especializado en accidentes graves. A menudo, las compa\u00f1\u00edas de seguros se preocupan principalmente por proteger sus ganancias, mientras que los conductores negligentes pueden negar cualquier culpa. Un abogado con experiencia en accidentes graves puede ayudarle a comprender su caso, defenderlo ante las compa\u00f1\u00edas de seguros y proteger su derecho a una compensaci\u00f3n justa por sus lesiones.<\/p>\n<h3>Responsabilidad del producto<\/h3>\n<p>Las demandas y reclamaciones por responsabilidad del producto surgen de la fabricaci\u00f3n de productos peligrosos o defectuosos. En estos casos, nuestros abogados especializados en responsabilidad del producto representan a clientes contra empresas o fabricantes que han vendido o fabricado productos inseguros para los consumidores.<\/p>\n<h3>Muerte por negligencia<\/h3>\n<p>Las muertes por negligencia se producen por negligencia, imprudencia o descuido de otra persona o entidad corporativa. Por ejemplo, las muertes causadas por un conductor ebrio, productos defectuosos o peligrosos, la construcci\u00f3n de estructuras o edificios inseguros o la falta de diagn\u00f3stico de una enfermedad mortal pueden considerarse legalmente muertes por negligencia.<\/p>\n<h2>Negligencia m\u00e9dica<\/h2>\n<p>Las demandas y demandas por negligencia m\u00e9dica surgen cuando los pacientes sufren lesiones o fallecen como resultado de la negligencia o actos intencionales de m\u00e9dicos, enfermeras, hospitales, dentistas u otros profesionales de la salud. Las demandas por negligencia m\u00e9dica suelen involucrar errores m\u00e9dicos, lesiones de nacimiento, errores quir\u00fargicos, errores de medicaci\u00f3n farmac\u00e9utica, diagn\u00f3sticos err\u00f3neos, omisi\u00f3n en el diagn\u00f3stico de c\u00e1ncer (de mama, vejiga, pulm\u00f3n, ovario, cuello uterino, pelvis), lecturas err\u00f3neas de pruebas o radiograf\u00edas, mala praxis de las HMO, reacciones adversas a medicamentos y fallos de dispositivos m\u00e9dicos.<\/p>\n<h2>Abuso y negligencia en hogares de ancianos<\/h2>\n<p>Las demandas y reclamaciones contra residencias de ancianos surgen debido al abuso, la negligencia, la atenci\u00f3n m\u00e9dica inadecuada y los errores m\u00e9dicos causados por personal sin capacitaci\u00f3n o indiferente. Las demandas contra residencias de ancianos suelen estar relacionadas con \u00falceras por presi\u00f3n, \u00falceras por presi\u00f3n, ca\u00eddas, abuso f\u00edsico, abuso sexual, agresiones, deshidrataci\u00f3n o desnutrici\u00f3n, atragantamiento con alimentos, quemaduras y otras lesiones que ocurren en residencias de ancianos, centros de vida asistida y por profesionales de la salud a domicilio.<\/p>\n<p>Para una consulta gratuita con uno de nuestros abogados de lesiones personales de Portland, llame a Gilroy Napoli Short Law Group al 503-747-7198 o\u00a0<a href=\"https:\/\/www.gilroynapolishort.com\/es\/contact\/\">Cont\u00e1ctanos por correo electr\u00f3nico<\/a>.<\/p>\n<p>Llame hoy para una consulta gratuita: <a href=\"tel:5037477198\">503-747-7198<\/a><\/p>","protected":false},"excerpt":{"rendered":"<p>Serious Injury Accidents Serious injury lawsuits and claims arise when people are injured by the carelessness, negligence, or intentional acts of others, or injured by products that are in some&#8230;<\/p>","protected":false},"author":2,"featured_media":0,"parent":233,"menu_order":0,"comment_status":"closed","ping_status":"closed","template":"single-personal-injury-page.php","meta":{"_acf_changed":false,"footnotes":""},"class_list":["post-293","page","type-page","status-publish","hentry"],"acf":[],"yoast_head":"<!-- This site is optimized with the Yoast SEO plugin v27.3 - https:\/\/yoast.com\/product\/yoast-seo-wordpress\/ -->\n<title>Serious Injury Accidents - GNS Law Group<\/title>\n<meta name=\"robots\" content=\"index, follow, max-snippet:-1, max-image-preview:large, max-video-preview:-1\" \/>\n<link rel=\"canonical\" href=\"https:\/\/www.gilroynapolishort.com\/es\/practice-areas\/personal-injury\/serious-injury-accidents\/\" \/>\n<meta property=\"og:locale\" content=\"es_MX\" \/>\n<meta property=\"og:type\" content=\"article\" \/>\n<meta property=\"og:title\" content=\"Serious Injury Accidents - GNS Law Group\" \/>\n<meta property=\"og:description\" content=\"Serious Injury Accidents Serious injury lawsuits and claims arise when people are injured by the carelessness, negligence, or intentional acts of others, or injured by products that are in some...\" \/>\n<meta property=\"og:url\" content=\"https:\/\/www.gilroynapolishort.com\/es\/practice-areas\/personal-injury\/serious-injury-accidents\/\" \/>\n<meta property=\"og:site_name\" content=\"GNS Law Group\" \/>\n<meta property=\"article:modified_time\" content=\"2024-02-29T16:55:40+00:00\" \/>\n<meta name=\"twitter:card\" content=\"summary_large_image\" \/>\n<meta name=\"twitter:label1\" content=\"Est. reading time\" \/>\n\t<meta name=\"twitter:data1\" content=\"3 minutos\" \/>\n<script type=\"application\/ld+json\" class=\"yoast-schema-graph\">{\"@context\":\"https:\\\/\\\/schema.org\",\"@graph\":[{\"@type\":\"WebPage\",\"@id\":\"https:\\\/\\\/www.gilroynapolishort.com\\\/practice-areas\\\/personal-injury\\\/serious-injury-accidents\\\/\",\"url\":\"https:\\\/\\\/www.gilroynapolishort.com\\\/practice-areas\\\/personal-injury\\\/serious-injury-accidents\\\/\",\"name\":\"Serious Injury Accidents - GNS Law Group\",\"isPartOf\":{\"@id\":\"https:\\\/\\\/www.gilroynapolishort.com\\\/#website\"},\"datePublished\":\"2019-02-19T08:42:09+00:00\",\"dateModified\":\"2024-02-29T16:55:40+00:00\",\"breadcrumb\":{\"@id\":\"https:\\\/\\\/www.gilroynapolishort.com\\\/practice-areas\\\/personal-injury\\\/serious-injury-accidents\\\/#breadcrumb\"},\"inLanguage\":\"es\",\"potentialAction\":[{\"@type\":\"ReadAction\",\"target\":[\"https:\\\/\\\/www.gilroynapolishort.com\\\/practice-areas\\\/personal-injury\\\/serious-injury-accidents\\\/\"]}]},{\"@type\":\"BreadcrumbList\",\"@id\":\"https:\\\/\\\/www.gilroynapolishort.com\\\/practice-areas\\\/personal-injury\\\/serious-injury-accidents\\\/#breadcrumb\",\"itemListElement\":[{\"@type\":\"ListItem\",\"position\":1,\"name\":\"Home\",\"item\":\"https:\\\/\\\/www.gilroynapolishort.com\\\/\"},{\"@type\":\"ListItem\",\"position\":2,\"name\":\"Practice Areas\",\"item\":\"https:\\\/\\\/www.gilroynapolishort.com\\\/practice-areas\\\/\"},{\"@type\":\"ListItem\",\"position\":3,\"name\":\"Personal Injury\",\"item\":\"https:\\\/\\\/www.gilroynapolishort.com\\\/practice-areas\\\/personal-injury\\\/\"},{\"@type\":\"ListItem\",\"position\":4,\"name\":\"Serious Injury Accidents\"}]},{\"@type\":\"WebSite\",\"@id\":\"https:\\\/\\\/www.gilroynapolishort.com\\\/#website\",\"url\":\"https:\\\/\\\/www.gilroynapolishort.com\\\/\",\"name\":\"Gilroy Napoli Short Law Group\",\"description\":\"\",\"potentialAction\":[{\"@type\":\"SearchAction\",\"target\":{\"@type\":\"EntryPoint\",\"urlTemplate\":\"https:\\\/\\\/www.gilroynapolishort.com\\\/?s={search_term_string}\"},\"query-input\":{\"@type\":\"PropertyValueSpecification\",\"valueRequired\":true,\"valueName\":\"search_term_string\"}}],\"inLanguage\":\"es\"}]}<\/script>\n<!-- \/ Yoast SEO plugin. -->","yoast_head_json":{"title":"Serious Injury Accidents - GNS Law Group","robots":{"index":"index","follow":"follow","max-snippet":"max-snippet:-1","max-image-preview":"max-image-preview:large","max-video-preview":"max-video-preview:-1"},"canonical":"https:\/\/www.gilroynapolishort.com\/es\/practice-areas\/personal-injury\/serious-injury-accidents\/","og_locale":"es_MX","og_type":"article","og_title":"Serious Injury Accidents - GNS Law Group","og_description":"Serious Injury Accidents Serious injury lawsuits and claims arise when people are injured by the carelessness, negligence, or intentional acts of others, or injured by products that are in some...","og_url":"https:\/\/www.gilroynapolishort.com\/es\/practice-areas\/personal-injury\/serious-injury-accidents\/","og_site_name":"GNS Law Group","article_modified_time":"2024-02-29T16:55:40+00:00","twitter_card":"summary_large_image","twitter_misc":{"Est. reading time":"3 minutos"},"schema":{"@context":"https:\/\/schema.org","@graph":[{"@type":"WebPage","@id":"https:\/\/www.gilroynapolishort.com\/practice-areas\/personal-injury\/serious-injury-accidents\/","url":"https:\/\/www.gilroynapolishort.com\/practice-areas\/personal-injury\/serious-injury-accidents\/","name":"Serious Injury Accidents - GNS Law Group","isPartOf":{"@id":"https:\/\/www.gilroynapolishort.com\/#website"},"datePublished":"2019-02-19T08:42:09+00:00","dateModified":"2024-02-29T16:55:40+00:00","breadcrumb":{"@id":"https:\/\/www.gilroynapolishort.com\/practice-areas\/personal-injury\/serious-injury-accidents\/#breadcrumb"},"inLanguage":"es","potentialAction":[{"@type":"ReadAction","target":["https:\/\/www.gilroynapolishort.com\/practice-areas\/personal-injury\/serious-injury-accidents\/"]}]},{"@type":"BreadcrumbList","@id":"https:\/\/www.gilroynapolishort.com\/practice-areas\/personal-injury\/serious-injury-accidents\/#breadcrumb","itemListElement":[{"@type":"ListItem","position":1,"name":"Home","item":"https:\/\/www.gilroynapolishort.com\/"},{"@type":"ListItem","position":2,"name":"Practice Areas","item":"https:\/\/www.gilroynapolishort.com\/practice-areas\/"},{"@type":"ListItem","position":3,"name":"Personal Injury","item":"https:\/\/www.gilroynapolishort.com\/practice-areas\/personal-injury\/"},{"@type":"ListItem","position":4,"name":"Serious Injury Accidents"}]},{"@type":"WebSite","@id":"https:\/\/www.gilroynapolishort.com\/#website","url":"https:\/\/www.gilroynapolishort.com\/","name":"Grupo de abogados Gilroy Napoli Short","description":"","potentialAction":[{"@type":"SearchAction","target":{"@type":"EntryPoint","urlTemplate":"https:\/\/www.gilroynapolishort.com\/?s={search_term_string}"},"query-input":{"@type":"PropertyValueSpecification","valueRequired":true,"valueName":"search_term_string"}}],"inLanguage":"es"}]}},"_links":{"self":[{"href":"https:\/\/www.gilroynapolishort.com\/es\/wp-json\/wp\/v2\/pages\/293","targetHints":{"allow":["GET"]}}],"collection":[{"href":"https:\/\/www.gilroynapolishort.com\/es\/wp-json\/wp\/v2\/pages"}],"about":[{"href":"https:\/\/www.gilroynapolishort.com\/es\/wp-json\/wp\/v2\/types\/page"}],"author":[{"embeddable":true,"href":"https:\/\/www.gilroynapolishort.com\/es\/wp-json\/wp\/v2\/users\/2"}],"replies":[{"embeddable":true,"href":"https:\/\/www.gilroynapolishort.com\/es\/wp-json\/wp\/v2\/comments?post=293"}],"version-history":[{"count":0,"href":"https:\/\/www.gilroynapolishort.com\/es\/wp-json\/wp\/v2\/pages\/293\/revisions"}],"up":[{"embeddable":true,"href":"https:\/\/www.gilroynapolishort.com\/es\/wp-json\/wp\/v2\/pages\/233"}],"wp:attachment":[{"href":"https:\/\/www.gilroynapolishort.com\/es\/wp-json\/wp\/v2\/media?parent=293"}],"curies":[{"name":"wp","href":"https:\/\/api.w.org\/{rel}","templated":true}]}}