{"id":295,"date":"2019-02-19T08:43:00","date_gmt":"2019-02-19T08:43:00","guid":{"rendered":"https:\/\/www.gilroynapolishort.com\/?page_id=295"},"modified":"2024-02-29T17:35:23","modified_gmt":"2024-02-29T17:35:23","slug":"concealed-handgun-license-appeals","status":"publish","type":"page","link":"https:\/\/www.gilroynapolishort.com\/es\/practice-areas\/gun-rights-restoration\/concealed-handgun-license-appeals\/","title":{"rendered":"Apelaciones de licencias para portar armas ocultas"},"content":{"rendered":"<h1>Apelaciones de licencias para portar armas ocultas<\/h1>\n<p>En cuanto a las licencias de armas cortas, Oreg\u00f3n es un estado de &quot;emisi\u00f3n obligatoria&quot;, lo que significa que los alguaciles del condado deben emitir una licencia de porte de armas cortas ocultas a menos que el solicitante no cumpla con los requisitos establecidos en ORS 166.291. Algunas de las razones m\u00e1s comunes para la denegaci\u00f3n de una licencia de porte de armas ocultas incluyen:<\/p>\n<ul>\n<li>Condena por un delito grave<\/li>\n<li>Condena por un delito menor dentro de los cuatro a\u00f1os siguientes a la solicitud<\/li>\n<li>Exoneraci\u00f3n de un tribunal de menores dentro de los cuatro a\u00f1os siguientes a la solicitud<\/li>\n<li>Actualmente sujeto a una orden de restricci\u00f3n o una orden de acoso<\/li>\n<li>Condena por un delito relacionado con sustancias controladas o por haber participado en un programa de desv\u00edo de drogas supervisado por un tribunal (excluida la marihuana)<\/li>\n<\/ul>\n<p>La ley tambi\u00e9n permite que un sheriff rechace una solicitud si &quot;tiene motivos razonables para creer que el solicitante ha sido o es razonablemente probable que sea un peligro para s\u00ed mismo o para los dem\u00e1s, o para la comunidad en general, como resultado del estado mental o psicol\u00f3gico del solicitante, como lo demuestra un patr\u00f3n pasado de comportamiento o participaci\u00f3n en incidentes que involucran violencia ilegal o amenazas de violencia ilegal&quot;.<\/p>\n<p>La disposici\u00f3n sobre &quot;motivos razonables&quot; es subjetiva y un agujero tan grande que podr\u00eda ser atravesado por un cami\u00f3n. Por ejemplo, a una persona que haya participado en manifestaciones pol\u00edticas pac\u00edficas se le podr\u00eda negar injustamente el derecho a portar un arma oculta. En Gilroy Napoli Short Law Group lucharemos por su derecho a protegerse y a su familia.<\/p>\n<h2>Abogados de licencias y apelaciones de armas de fuego en Oreg\u00f3n<\/h2>\n<p>La ley de Oreg\u00f3n ofrece posibles soluciones para quienes han sido denegados de licencias para portar armas ocultas. Si su solicitud de licencia para portar armas ocultas ha sido denegada o su licencia para portar armas cortas ha sido revocada, a\u00fan podr\u00eda obtenerla.<\/p>\n<p>Para obtener m\u00e1s informaci\u00f3n sobre las licencias de porte oculto y sus opciones legales, llame a Gilroy Napoli Short Law Group al 503-747-7198.<\/p>\n<h2>Apelaciones sobre portaci\u00f3n oculta de armas<\/h2>\n<blockquote><p>Tiene solo 30 d\u00edas a partir de la fecha de recepci\u00f3n de una denegaci\u00f3n de una solicitud de licencia de porte oculto para apelar.<\/p><\/blockquote>\n<p>Las personas a quienes se les ha denegado una licencia de porte oculto pueden apelar. Gilroy Napoli Short Law Group representa a personas en Portland, Salem, Beaverton, Hillsboro y otros lugares de Oreg\u00f3n cuyas solicitudes de licencia de porte oculto han sido denegadas. Examinamos cuidadosamente cada aspecto de estos casos para identificar fallas en las alegaciones de &quot;motivos razonables&quot; realizadas por los alguaciles de Oreg\u00f3n. Al representarlo, haremos que el alguacil justifique la acci\u00f3n con base en evidencia objetiva, no en opiniones subjetivas o infundadas.<\/p>\n<h2>Restauraci\u00f3n del derecho a portar armas<\/h2>\n<p>La mayor\u00eda de las personas a quienes se les ha revocado el derecho a portar armas debido a condenas por delitos graves pueden solicitar la restituci\u00f3n de dicho derecho. Podemos explorar la posibilidad de obtener la eliminaci\u00f3n de antecedentes penales por una condena por delito grave, lo que podr\u00eda allanar el camino para la posesi\u00f3n y el porte legal de armas. Si no cumple con los requisitos para la eliminaci\u00f3n de antecedentes penales, a\u00fan podr\u00eda solicitar al tribunal la restituci\u00f3n de su derecho a portar armas.<\/p>\n<p>Hemos representado a muchos ciudadanos en su camino hacia la posesi\u00f3n legal de armas. De acuerdo con ORS 166.274, puede solicitar la recuperaci\u00f3n de sus derechos ante un juez del condado donde reside. Generalmente, debe esperar de cinco a diez a\u00f1os desde su condena m\u00e1s reciente. El est\u00e1ndar para recuperar sus derechos incluye demostrar ante el tribunal que no representa una amenaza ni un peligro para la sociedad ni para s\u00ed mismo. Esto generalmente implica que usted declare c\u00f3mo se ha rehabilitado. Representar a clientes en todo Oreg\u00f3n en innumerables casos de este tipo de rehabilitaciones nos brinda una perspectiva \u00fanica sobre lo que funciona y lo que no. Le ayudaremos a prepararse a usted y a todos sus testigos de car\u00e1cter para que su testimonio sea convincente y exhaustivo. Trabajaremos con la Polic\u00eda Estatal de Oreg\u00f3n y la Oficina de Alcohol, Tabaco y Armas de Fuego para garantizar que su rehabilitacion sea completa y precisa.<\/p>\n<p>Tras la concesi\u00f3n de una restituci\u00f3n, la ley del Estado de la condena, y no la ley federal, determina, por regla general, la restituci\u00f3n de los derechos civiles. Esto significa que la restituci\u00f3n de sus derechos bajo la ley de Oreg\u00f3n generalmente tambi\u00e9n restituye sus derechos federales. Existe una importante (y a menudo pasada por alto) excepci\u00f3n a esta regla. El Art\u00edculo I, Secci\u00f3n 45 de la Constituci\u00f3n de Oreg\u00f3n exige que un ciudadano espere 15 a\u00f1os tras la finalizaci\u00f3n de la supervisi\u00f3n para tener derecho a formar parte de un jurado penal. Seg\u00fan las interpretaciones actuales del gobierno federal, esto tambi\u00e9n significa que, si se le restituyen sus derechos conforme a la ORS 166.274, a\u00fan deber\u00e1 esperar a que transcurra ese plazo de quince a\u00f1os. Nos esforzaremos por explicarle y prepararle sobre qu\u00e9 esperar del gobierno local, estatal y federal.<\/p>\n<h2><strong>Reducci\u00f3n a un delito menor<\/strong><\/h2>\n<p>Otra v\u00eda para restaurar sus derechos y limpiar sus antecedentes penales es reducir una condena por delito grave a un delito menor, de conformidad con el ORS 161.705. En la mayor\u00eda de los casos, esto eliminar\u00e1 el estigma y las consecuencias de una condena por delito grave en lo que respecta al empleo, la vivienda y el derecho a poseer armas. Esta reducci\u00f3n es eficaz cuando<\/p>\n<p>\u201cEl tribunal, considerando la naturaleza y las circunstancias del delito y los antecedentes y el car\u00e1cter del acusado, cree que ser\u00eda excesivamente severo condenar al acusado por un delito grave\u201d.<\/p>\n<p>El est\u00e1ndar de excesiva dureza es un t\u00e9rmino suave. Trabajamos con nuestros clientes para prepararlos a ellos y a sus testigos para que expliquen eficazmente ante el tribunal por qu\u00e9 su delito grave deber\u00eda ser reducido a un delito menor.<\/p>\n<p>En muchas ofertas de declaraci\u00f3n de culpabilidad, se ofrece una reducci\u00f3n de la pena a un delito menor. De no ser as\u00ed, no todo est\u00e1 perdido: a\u00fan podemos solicitar al tribunal sentenciador que reduzca su condena muchos a\u00f1os despu\u00e9s.<\/p>\n<h2>Defensores comprometidos de la libertad de armas<\/h2>\n<p>En Gilroy Napoli Short Law Group, creemos firmemente en la Segunda Enmienda y el derecho de los ciudadanos calificados y los extranjeros residentes legales a\u00a0<a href=\"https:\/\/www.gilroynapolishort.com\/es\/gun-rights-restoration-firearms-issues\/\">poseer y portar armas de fuego<\/a>El abogado Jason Short es instructor certificado en el uso de armas ocultas por la Asociaci\u00f3n Nacional del Rifle (NRA). Nos enorgullecemos de ser miembros y apoyar a estas organizaciones defensoras del derecho a portar armas:<\/p>\n<ul>\n<li>Asociaci\u00f3n Nacional del Rifle<\/li>\n<li>Federaci\u00f3n de Armas de Fuego de Oreg\u00f3n<\/li>\n<li>Asociaci\u00f3n de Portaci\u00f3n Oculta de Armas de los Estados Unidos<\/li>\n<li>Red de Defensa Legal de Ciudadanos Armados<\/li>\n<\/ul>\n<h2>Consulta gratuita con un abogado<\/h2>\n<p><a href=\"https:\/\/www.gilroynapolishort.com\/es\/contact\/\">Contacto<\/a>\u00a0Gilroy Napoli Short Law Group llamando al 503-747-7198 para programar su consulta inicial gratuita.<\/p>\n<p><strong>Se habla espa\u00f1ol.<\/strong><\/p>\n<p>Llame hoy para una consulta gratuita: <a href=\"tel:5037477198\">503-747-7198<\/a><\/p>","protected":false},"excerpt":{"rendered":"<p>Concealed Handgun License Appeals Regarding handgun licenses, Oregon is a &#8220;shall issue&#8221; state, meaning that county sheriffs must issue a concealed handgun license to an individual unless the applicant fails&#8230;<\/p>","protected":false},"author":2,"featured_media":0,"parent":235,"menu_order":0,"comment_status":"closed","ping_status":"closed","template":"single-gun-rights-page.php","meta":{"_acf_changed":false,"footnotes":""},"class_list":["post-295","page","type-page","status-publish","hentry"],"acf":[],"yoast_head":"<!-- This site is optimized with the Yoast SEO plugin v27.3 - https:\/\/yoast.com\/product\/yoast-seo-wordpress\/ -->\n<title>Concealed Handgun License Appeals - GNS Law Group<\/title>\n<meta name=\"robots\" content=\"index, follow, max-snippet:-1, max-image-preview:large, max-video-preview:-1\" \/>\n<link rel=\"canonical\" href=\"https:\/\/www.gilroynapolishort.com\/es\/practice-areas\/gun-rights-restoration\/concealed-handgun-license-appeals\/\" \/>\n<meta property=\"og:locale\" content=\"es_MX\" \/>\n<meta property=\"og:type\" content=\"article\" \/>\n<meta property=\"og:title\" content=\"Concealed Handgun License Appeals - GNS Law Group\" \/>\n<meta property=\"og:description\" content=\"Concealed Handgun License Appeals Regarding handgun licenses, Oregon is a &#8220;shall issue&#8221; state, meaning that county sheriffs must issue a concealed handgun license to an individual unless the applicant fails...\" \/>\n<meta property=\"og:url\" content=\"https:\/\/www.gilroynapolishort.com\/es\/practice-areas\/gun-rights-restoration\/concealed-handgun-license-appeals\/\" \/>\n<meta property=\"og:site_name\" content=\"GNS Law Group\" \/>\n<meta property=\"article:modified_time\" content=\"2024-02-29T17:35:23+00:00\" \/>\n<meta name=\"twitter:card\" content=\"summary_large_image\" \/>\n<meta name=\"twitter:label1\" content=\"Est. reading time\" \/>\n\t<meta name=\"twitter:data1\" content=\"5 minutos\" \/>\n<script type=\"application\/ld+json\" class=\"yoast-schema-graph\">{\"@context\":\"https:\\\/\\\/schema.org\",\"@graph\":[{\"@type\":\"WebPage\",\"@id\":\"https:\\\/\\\/www.gilroynapolishort.com\\\/practice-areas\\\/gun-rights-restoration\\\/concealed-handgun-license-appeals\\\/\",\"url\":\"https:\\\/\\\/www.gilroynapolishort.com\\\/practice-areas\\\/gun-rights-restoration\\\/concealed-handgun-license-appeals\\\/\",\"name\":\"Concealed Handgun License Appeals - GNS Law Group\",\"isPartOf\":{\"@id\":\"https:\\\/\\\/www.gilroynapolishort.com\\\/#website\"},\"datePublished\":\"2019-02-19T08:43:00+00:00\",\"dateModified\":\"2024-02-29T17:35:23+00:00\",\"breadcrumb\":{\"@id\":\"https:\\\/\\\/www.gilroynapolishort.com\\\/practice-areas\\\/gun-rights-restoration\\\/concealed-handgun-license-appeals\\\/#breadcrumb\"},\"inLanguage\":\"es\",\"potentialAction\":[{\"@type\":\"ReadAction\",\"target\":[\"https:\\\/\\\/www.gilroynapolishort.com\\\/practice-areas\\\/gun-rights-restoration\\\/concealed-handgun-license-appeals\\\/\"]}]},{\"@type\":\"BreadcrumbList\",\"@id\":\"https:\\\/\\\/www.gilroynapolishort.com\\\/practice-areas\\\/gun-rights-restoration\\\/concealed-handgun-license-appeals\\\/#breadcrumb\",\"itemListElement\":[{\"@type\":\"ListItem\",\"position\":1,\"name\":\"Home\",\"item\":\"https:\\\/\\\/www.gilroynapolishort.com\\\/\"},{\"@type\":\"ListItem\",\"position\":2,\"name\":\"Practice Areas\",\"item\":\"https:\\\/\\\/www.gilroynapolishort.com\\\/practice-areas\\\/\"},{\"@type\":\"ListItem\",\"position\":3,\"name\":\"Gun Rights Restoration\",\"item\":\"https:\\\/\\\/www.gilroynapolishort.com\\\/practice-areas\\\/gun-rights-restoration\\\/\"},{\"@type\":\"ListItem\",\"position\":4,\"name\":\"Concealed Handgun License Appeals\"}]},{\"@type\":\"WebSite\",\"@id\":\"https:\\\/\\\/www.gilroynapolishort.com\\\/#website\",\"url\":\"https:\\\/\\\/www.gilroynapolishort.com\\\/\",\"name\":\"Gilroy Napoli Short Law Group\",\"description\":\"\",\"potentialAction\":[{\"@type\":\"SearchAction\",\"target\":{\"@type\":\"EntryPoint\",\"urlTemplate\":\"https:\\\/\\\/www.gilroynapolishort.com\\\/?s={search_term_string}\"},\"query-input\":{\"@type\":\"PropertyValueSpecification\",\"valueRequired\":true,\"valueName\":\"search_term_string\"}}],\"inLanguage\":\"es\"}]}<\/script>\n<!-- \/ Yoast SEO plugin. -->","yoast_head_json":{"title":"Concealed Handgun License Appeals - GNS Law Group","robots":{"index":"index","follow":"follow","max-snippet":"max-snippet:-1","max-image-preview":"max-image-preview:large","max-video-preview":"max-video-preview:-1"},"canonical":"https:\/\/www.gilroynapolishort.com\/es\/practice-areas\/gun-rights-restoration\/concealed-handgun-license-appeals\/","og_locale":"es_MX","og_type":"article","og_title":"Concealed Handgun License Appeals - GNS Law Group","og_description":"Concealed Handgun License Appeals Regarding handgun licenses, Oregon is a &#8220;shall issue&#8221; state, meaning that county sheriffs must issue a concealed handgun license to an individual unless the applicant fails...","og_url":"https:\/\/www.gilroynapolishort.com\/es\/practice-areas\/gun-rights-restoration\/concealed-handgun-license-appeals\/","og_site_name":"GNS Law Group","article_modified_time":"2024-02-29T17:35:23+00:00","twitter_card":"summary_large_image","twitter_misc":{"Est. reading time":"5 minutos"},"schema":{"@context":"https:\/\/schema.org","@graph":[{"@type":"WebPage","@id":"https:\/\/www.gilroynapolishort.com\/practice-areas\/gun-rights-restoration\/concealed-handgun-license-appeals\/","url":"https:\/\/www.gilroynapolishort.com\/practice-areas\/gun-rights-restoration\/concealed-handgun-license-appeals\/","name":"Concealed Handgun License Appeals - GNS Law Group","isPartOf":{"@id":"https:\/\/www.gilroynapolishort.com\/#website"},"datePublished":"2019-02-19T08:43:00+00:00","dateModified":"2024-02-29T17:35:23+00:00","breadcrumb":{"@id":"https:\/\/www.gilroynapolishort.com\/practice-areas\/gun-rights-restoration\/concealed-handgun-license-appeals\/#breadcrumb"},"inLanguage":"es","potentialAction":[{"@type":"ReadAction","target":["https:\/\/www.gilroynapolishort.com\/practice-areas\/gun-rights-restoration\/concealed-handgun-license-appeals\/"]}]},{"@type":"BreadcrumbList","@id":"https:\/\/www.gilroynapolishort.com\/practice-areas\/gun-rights-restoration\/concealed-handgun-license-appeals\/#breadcrumb","itemListElement":[{"@type":"ListItem","position":1,"name":"Home","item":"https:\/\/www.gilroynapolishort.com\/"},{"@type":"ListItem","position":2,"name":"Practice Areas","item":"https:\/\/www.gilroynapolishort.com\/practice-areas\/"},{"@type":"ListItem","position":3,"name":"Gun Rights Restoration","item":"https:\/\/www.gilroynapolishort.com\/practice-areas\/gun-rights-restoration\/"},{"@type":"ListItem","position":4,"name":"Concealed Handgun License Appeals"}]},{"@type":"WebSite","@id":"https:\/\/www.gilroynapolishort.com\/#website","url":"https:\/\/www.gilroynapolishort.com\/","name":"Grupo de abogados Gilroy Napoli Short","description":"","potentialAction":[{"@type":"SearchAction","target":{"@type":"EntryPoint","urlTemplate":"https:\/\/www.gilroynapolishort.com\/?s={search_term_string}"},"query-input":{"@type":"PropertyValueSpecification","valueRequired":true,"valueName":"search_term_string"}}],"inLanguage":"es"}]}},"_links":{"self":[{"href":"https:\/\/www.gilroynapolishort.com\/es\/wp-json\/wp\/v2\/pages\/295","targetHints":{"allow":["GET"]}}],"collection":[{"href":"https:\/\/www.gilroynapolishort.com\/es\/wp-json\/wp\/v2\/pages"}],"about":[{"href":"https:\/\/www.gilroynapolishort.com\/es\/wp-json\/wp\/v2\/types\/page"}],"author":[{"embeddable":true,"href":"https:\/\/www.gilroynapolishort.com\/es\/wp-json\/wp\/v2\/users\/2"}],"replies":[{"embeddable":true,"href":"https:\/\/www.gilroynapolishort.com\/es\/wp-json\/wp\/v2\/comments?post=295"}],"version-history":[{"count":0,"href":"https:\/\/www.gilroynapolishort.com\/es\/wp-json\/wp\/v2\/pages\/295\/revisions"}],"up":[{"embeddable":true,"href":"https:\/\/www.gilroynapolishort.com\/es\/wp-json\/wp\/v2\/pages\/235"}],"wp:attachment":[{"href":"https:\/\/www.gilroynapolishort.com\/es\/wp-json\/wp\/v2\/media?parent=295"}],"curies":[{"name":"wp","href":"https:\/\/api.w.org\/{rel}","templated":true}]}}