{"id":300,"date":"2019-02-19T08:44:00","date_gmt":"2019-02-19T08:44:00","guid":{"rendered":"https:\/\/www.gilroynapolishort.com\/?page_id=300"},"modified":"2024-02-29T17:35:39","modified_gmt":"2024-02-29T17:35:39","slug":"federal-firearms-license-defense","status":"publish","type":"page","link":"https:\/\/www.gilroynapolishort.com\/es\/practice-areas\/gun-rights-restoration\/federal-firearms-license-defense\/","title":{"rendered":"Defensa de la licencia federal de armas de fuego"},"content":{"rendered":"<h1>Defensa de la licencia federal de armas de fuego<\/h1>\n<p>Los titulares de licencias federales de armas de fuego (FFL) est\u00e1n sujetos a un riguroso escrutinio por parte de la ATF. En el curso de su labor, esta agencia revisa m\u00e1s de un mill\u00f3n de transacciones de armas de fuego al a\u00f1o. La ATF tambi\u00e9n realiza inspecciones anuales a los titulares de FFL. Si la ATF descubre alguna irregularidad, podr\u00eda poner en riesgo la licencia del comerciante de armas de fuego.<\/p>\n<p>Si ha recibido un\u00a0<strong>carta de advertencia<\/strong>\u00a0o se le ha pedido que asista a una reuni\u00f3n informal\u00a0<strong>conferencia de advertencia<\/strong>\u00a0o una\u00a0<strong>informe de violaciones<\/strong>\u00a0Se ha emitido, necesita una representaci\u00f3n legal efectiva lo antes posible.<\/p>\n<p>Para una defensa agresiva de licencias de conducir en Oreg\u00f3n, acuda a Gilroy Napoli Short Law Group. Trabajamos con tenacidad para defender las licencias y los derechos de todo tipo de titulares de licencias de conducir, incluyendo comerciantes, coleccionistas, casas de empe\u00f1o, fabricantes e importadores.<\/p>\n<p>Ll\u00e1menos al 503-747-7198 para una consulta gratuita.<\/p>\n<h2>C\u00f3mo podemos ayudar<\/h2>\n<p>Gilroy Napoli Short Law Group brinda representaci\u00f3n orientada a resultados para titulares de FFL que enfrentan acusaciones de:<\/p>\n<ul>\n<li>No realizar verificaciones de antecedentes<\/li>\n<li>No mantener registros adecuados<\/li>\n<li>Venta de armas a personas prohibidas<\/li>\n<li>No reportar ventas m\u00faltiples de armas<\/li>\n<li>Incitando a los compradores fantasma<\/li>\n<li>Venta o transferencia ilegal de armas de fuego de clase 3<\/li>\n<\/ul>\n<p>La ATF no resuelve estos casos antes de las audiencias. Una acci\u00f3n de revocaci\u00f3n de la FFL resultar\u00e1 en la desestimaci\u00f3n antes de la audiencia, en una revocaci\u00f3n acordada o en la continuaci\u00f3n de la audiencia.<\/p>\n<p>Al representarlo, nuestro objetivo ser\u00e1 obtener resultados positivos de manera oportuna. Siempre que sea posible, esto significa intentar obtener una desestimaci\u00f3n antes de la audiencia, proporcionando informaci\u00f3n aclaratoria a la ATF. Alternativamente, defenderemos en\u00e9rgicamente su licencia en la audiencia o ante un tribunal federal.<\/p>\n<p>Incluso una infracci\u00f3n involuntaria de las leyes federales de armas puede resultar en la suspensi\u00f3n o revocaci\u00f3n de su licencia de porteador de armas (FFL) o en cargos penales. Como abogados con experiencia en juicios penales, comprendemos lo que est\u00e1 en juego en estos casos. Gilroy Napoli Short Law Group luchar\u00e1 por su licencia y buscar\u00e1 minimizar las multas o sanciones civiles que pueda enfrentar.<\/p>\n<h2>Consulta gratuita: obtenga ayuda legal hoy<\/h2>\n<p>Los abogados defensores de licencias federales de armas de fuego de Gilroy Napoli Short Law Group, en Oreg\u00f3n, est\u00e1n listos para defender su licencia y sus derechos. Ll\u00e1menos al 503-747-7198 o cont\u00e1ctenos por correo electr\u00f3nico para programar su consulta inicial gratuita.<\/p>\n<p>Representamos a personas en Portland, Salem, Beaverton, Hillsboro y otros lugares de Oregon.<\/p>\n<p><strong>Se habla espa\u00f1ol.<\/strong><\/p>\n<p>Llame hoy para una consulta gratuita: <a href=\"tel:5037477198\">503-747-7198<\/a><\/p>","protected":false},"excerpt":{"rendered":"<p>Federal Firearms License Defense Holders of federal firearms licenses (FFL) are subject to intense scrutiny by the ATF. In the course of its work, this agency reviews more than 1&#8230;<\/p>","protected":false},"author":2,"featured_media":0,"parent":235,"menu_order":0,"comment_status":"closed","ping_status":"closed","template":"single-gun-rights-page.php","meta":{"_acf_changed":false,"footnotes":""},"class_list":["post-300","page","type-page","status-publish","hentry"],"acf":[],"yoast_head":"<!-- This site is optimized with the Yoast SEO plugin v27.3 - https:\/\/yoast.com\/product\/yoast-seo-wordpress\/ -->\n<title>Federal Firearms License Defense - GNS Law Group<\/title>\n<meta name=\"robots\" content=\"index, follow, max-snippet:-1, max-image-preview:large, max-video-preview:-1\" \/>\n<link rel=\"canonical\" href=\"https:\/\/www.gilroynapolishort.com\/es\/practice-areas\/gun-rights-restoration\/federal-firearms-license-defense\/\" \/>\n<meta property=\"og:locale\" content=\"es_MX\" \/>\n<meta property=\"og:type\" content=\"article\" \/>\n<meta property=\"og:title\" content=\"Federal Firearms License Defense - GNS Law Group\" \/>\n<meta property=\"og:description\" content=\"Federal Firearms License Defense Holders of federal firearms licenses (FFL) are subject to intense scrutiny by the ATF. In the course of its work, this agency reviews more than 1...\" \/>\n<meta property=\"og:url\" content=\"https:\/\/www.gilroynapolishort.com\/es\/practice-areas\/gun-rights-restoration\/federal-firearms-license-defense\/\" \/>\n<meta property=\"og:site_name\" content=\"GNS Law Group\" \/>\n<meta property=\"article:modified_time\" content=\"2024-02-29T17:35:39+00:00\" \/>\n<meta name=\"twitter:card\" content=\"summary_large_image\" \/>\n<meta name=\"twitter:label1\" content=\"Est. reading time\" \/>\n\t<meta name=\"twitter:data1\" content=\"2 minutos\" \/>\n<script type=\"application\/ld+json\" class=\"yoast-schema-graph\">{\"@context\":\"https:\\\/\\\/schema.org\",\"@graph\":[{\"@type\":\"WebPage\",\"@id\":\"https:\\\/\\\/www.gilroynapolishort.com\\\/practice-areas\\\/gun-rights-restoration\\\/federal-firearms-license-defense\\\/\",\"url\":\"https:\\\/\\\/www.gilroynapolishort.com\\\/practice-areas\\\/gun-rights-restoration\\\/federal-firearms-license-defense\\\/\",\"name\":\"Federal Firearms License Defense - GNS Law Group\",\"isPartOf\":{\"@id\":\"https:\\\/\\\/www.gilroynapolishort.com\\\/#website\"},\"datePublished\":\"2019-02-19T08:44:00+00:00\",\"dateModified\":\"2024-02-29T17:35:39+00:00\",\"breadcrumb\":{\"@id\":\"https:\\\/\\\/www.gilroynapolishort.com\\\/practice-areas\\\/gun-rights-restoration\\\/federal-firearms-license-defense\\\/#breadcrumb\"},\"inLanguage\":\"es\",\"potentialAction\":[{\"@type\":\"ReadAction\",\"target\":[\"https:\\\/\\\/www.gilroynapolishort.com\\\/practice-areas\\\/gun-rights-restoration\\\/federal-firearms-license-defense\\\/\"]}]},{\"@type\":\"BreadcrumbList\",\"@id\":\"https:\\\/\\\/www.gilroynapolishort.com\\\/practice-areas\\\/gun-rights-restoration\\\/federal-firearms-license-defense\\\/#breadcrumb\",\"itemListElement\":[{\"@type\":\"ListItem\",\"position\":1,\"name\":\"Home\",\"item\":\"https:\\\/\\\/www.gilroynapolishort.com\\\/\"},{\"@type\":\"ListItem\",\"position\":2,\"name\":\"Practice Areas\",\"item\":\"https:\\\/\\\/www.gilroynapolishort.com\\\/practice-areas\\\/\"},{\"@type\":\"ListItem\",\"position\":3,\"name\":\"Gun Rights Restoration\",\"item\":\"https:\\\/\\\/www.gilroynapolishort.com\\\/practice-areas\\\/gun-rights-restoration\\\/\"},{\"@type\":\"ListItem\",\"position\":4,\"name\":\"Federal Firearms License Defense\"}]},{\"@type\":\"WebSite\",\"@id\":\"https:\\\/\\\/www.gilroynapolishort.com\\\/#website\",\"url\":\"https:\\\/\\\/www.gilroynapolishort.com\\\/\",\"name\":\"Gilroy Napoli Short Law Group\",\"description\":\"\",\"potentialAction\":[{\"@type\":\"SearchAction\",\"target\":{\"@type\":\"EntryPoint\",\"urlTemplate\":\"https:\\\/\\\/www.gilroynapolishort.com\\\/?s={search_term_string}\"},\"query-input\":{\"@type\":\"PropertyValueSpecification\",\"valueRequired\":true,\"valueName\":\"search_term_string\"}}],\"inLanguage\":\"es\"}]}<\/script>\n<!-- \/ Yoast SEO plugin. -->","yoast_head_json":{"title":"Federal Firearms License Defense - GNS Law Group","robots":{"index":"index","follow":"follow","max-snippet":"max-snippet:-1","max-image-preview":"max-image-preview:large","max-video-preview":"max-video-preview:-1"},"canonical":"https:\/\/www.gilroynapolishort.com\/es\/practice-areas\/gun-rights-restoration\/federal-firearms-license-defense\/","og_locale":"es_MX","og_type":"article","og_title":"Federal Firearms License Defense - GNS Law Group","og_description":"Federal Firearms License Defense Holders of federal firearms licenses (FFL) are subject to intense scrutiny by the ATF. In the course of its work, this agency reviews more than 1...","og_url":"https:\/\/www.gilroynapolishort.com\/es\/practice-areas\/gun-rights-restoration\/federal-firearms-license-defense\/","og_site_name":"GNS Law Group","article_modified_time":"2024-02-29T17:35:39+00:00","twitter_card":"summary_large_image","twitter_misc":{"Est. reading time":"2 minutos"},"schema":{"@context":"https:\/\/schema.org","@graph":[{"@type":"WebPage","@id":"https:\/\/www.gilroynapolishort.com\/practice-areas\/gun-rights-restoration\/federal-firearms-license-defense\/","url":"https:\/\/www.gilroynapolishort.com\/practice-areas\/gun-rights-restoration\/federal-firearms-license-defense\/","name":"Federal Firearms License Defense - GNS Law Group","isPartOf":{"@id":"https:\/\/www.gilroynapolishort.com\/#website"},"datePublished":"2019-02-19T08:44:00+00:00","dateModified":"2024-02-29T17:35:39+00:00","breadcrumb":{"@id":"https:\/\/www.gilroynapolishort.com\/practice-areas\/gun-rights-restoration\/federal-firearms-license-defense\/#breadcrumb"},"inLanguage":"es","potentialAction":[{"@type":"ReadAction","target":["https:\/\/www.gilroynapolishort.com\/practice-areas\/gun-rights-restoration\/federal-firearms-license-defense\/"]}]},{"@type":"BreadcrumbList","@id":"https:\/\/www.gilroynapolishort.com\/practice-areas\/gun-rights-restoration\/federal-firearms-license-defense\/#breadcrumb","itemListElement":[{"@type":"ListItem","position":1,"name":"Home","item":"https:\/\/www.gilroynapolishort.com\/"},{"@type":"ListItem","position":2,"name":"Practice Areas","item":"https:\/\/www.gilroynapolishort.com\/practice-areas\/"},{"@type":"ListItem","position":3,"name":"Gun Rights Restoration","item":"https:\/\/www.gilroynapolishort.com\/practice-areas\/gun-rights-restoration\/"},{"@type":"ListItem","position":4,"name":"Federal Firearms License Defense"}]},{"@type":"WebSite","@id":"https:\/\/www.gilroynapolishort.com\/#website","url":"https:\/\/www.gilroynapolishort.com\/","name":"Grupo de abogados Gilroy Napoli Short","description":"","potentialAction":[{"@type":"SearchAction","target":{"@type":"EntryPoint","urlTemplate":"https:\/\/www.gilroynapolishort.com\/?s={search_term_string}"},"query-input":{"@type":"PropertyValueSpecification","valueRequired":true,"valueName":"search_term_string"}}],"inLanguage":"es"}]}},"_links":{"self":[{"href":"https:\/\/www.gilroynapolishort.com\/es\/wp-json\/wp\/v2\/pages\/300","targetHints":{"allow":["GET"]}}],"collection":[{"href":"https:\/\/www.gilroynapolishort.com\/es\/wp-json\/wp\/v2\/pages"}],"about":[{"href":"https:\/\/www.gilroynapolishort.com\/es\/wp-json\/wp\/v2\/types\/page"}],"author":[{"embeddable":true,"href":"https:\/\/www.gilroynapolishort.com\/es\/wp-json\/wp\/v2\/users\/2"}],"replies":[{"embeddable":true,"href":"https:\/\/www.gilroynapolishort.com\/es\/wp-json\/wp\/v2\/comments?post=300"}],"version-history":[{"count":0,"href":"https:\/\/www.gilroynapolishort.com\/es\/wp-json\/wp\/v2\/pages\/300\/revisions"}],"up":[{"embeddable":true,"href":"https:\/\/www.gilroynapolishort.com\/es\/wp-json\/wp\/v2\/pages\/235"}],"wp:attachment":[{"href":"https:\/\/www.gilroynapolishort.com\/es\/wp-json\/wp\/v2\/media?parent=300"}],"curies":[{"name":"wp","href":"https:\/\/api.w.org\/{rel}","templated":true}]}}