{"id":3087,"date":"2023-07-17T20:54:28","date_gmt":"2023-07-17T20:54:28","guid":{"rendered":"https:\/\/www.gilroynapolishort.com\/?page_id=3087"},"modified":"2024-11-21T08:32:50","modified_gmt":"2024-11-21T16:32:50","slug":"woodburn-dui-attorney","status":"publish","type":"page","link":"https:\/\/www.gilroynapolishort.com\/es\/woodburn-dui-attorney\/","title":{"rendered":"Abogado de DUI en Woodburn"},"content":{"rendered":"<h1>\u00bfNecesita un abogado especializado en DUI en Woodburn?<\/h1>\n<p>\u00bfBusca los mejores abogados de DUI cerca de usted? Es sorprendente lo r\u00e1pido que puede cambiar su vida con una decisi\u00f3n impulsiva. Unas copas en una fiesta o una salida nocturna con amigos pueden tener consecuencias devastadoras. Podr\u00eda perder su licencia de conducir, enfrentar una pena de prisi\u00f3n o, peor a\u00fan, causarse da\u00f1o a s\u00ed mismo o a otros. Sin embargo, un peque\u00f1o error de juicio no tiene por qu\u00e9 definir su futuro. Al elegir al abogado de DUI adecuado en Woodburn, puede garantizar la protecci\u00f3n de sus derechos y obtener el mejor resultado posible.<\/p>\n<h2>Abogados con experiencia en DUI en Woodburn<\/h2>\n<p>Al enfrentarse a un cargo por conducir bajo los efectos del alcohol por primera vez, el estr\u00e9s puede ser abrumador, especialmente si tiene poca experiencia con el sistema legal. Lo mejor es contratar al abogado penalista con m\u00e1s experiencia disponible. Le brindar\u00e1n consejos y orientaci\u00f3n invaluables para ayudarle a obtener los mejores resultados.<\/p>\n<p>En Oreg\u00f3n, a quienes incurren por primera vez en un delito de DUI se les suele ofrecer un programa de desv\u00edo, lo cual puede resultar atractivo para quienes no est\u00e1n familiarizados con la ley. Sin embargo, un abogado con experiencia en DUI en Woodburn puede disipar malentendidos y guiarlo a trav\u00e9s del proceso legal. En ocasiones, <a href=\"https:\/\/www.gilroynapolishort.com\/es\/practice-areas\/duii-felony-duii\/\">un cargo por beber y conducir o DUI<\/a> Incluso puede ser desestimado. Encontrar un abogado defensor con buenas rese\u00f1as y especializado en casos de DUI es crucial para proteger sus derechos.<\/p>\n<h2>Abogado local de Woodburn<\/h2>\n<p>Woodburn, Oreg\u00f3n, se encuentra en el condado de Marion. Con una poblaci\u00f3n de aproximadamente 26,013 habitantes, la ciudad se ubica en el extremo norte del valle de Willamette, entre Portland y Salem. Woodburn est\u00e1 a 48 kil\u00f3metros de Portland, la ciudad m\u00e1s grande del estado y la tercera m\u00e1s poblada de esa \u00e1rea metropolitana, despu\u00e9s de Salem y Keizer.<\/p>\n<p>Si reside en Woodburn, es fundamental priorizar la contrataci\u00f3n de un abogado local. Contratar a un abogado fuera de Oreg\u00f3n puede ser arriesgado, ya que las leyes var\u00edan de un estado a otro e incluso de un condado a otro con respecto a los cargos por conducir bajo los efectos del alcohol. Estas diferencias pueden afectar significativamente el manejo de infractores primerizos y reincidentes. Contratar a un abogado... <a href=\"https:\/\/www.gilroynapolishort.com\/es\/practice-areas\/criminal-defense\/\">abogado defensor penal<\/a> Conocer bien la jurisdicci\u00f3n local es crucial para aumentar sus posibilidades de obtener un resultado favorable. Busque en Google &quot;Busco abogados de DUI asequibles cerca de m\u00ed&quot; o &quot;Abogado de DUI cerca de m\u00ed en Woodburn&quot;. Los abogados familiarizados con las leyes estatales y municipales estar\u00e1n mejor capacitados para defender su caso y potencialmente reducir o desestimar sus cargos.<\/p>\n<h2>Representaci\u00f3n legal dedicada en Oreg\u00f3n<\/h2>\n<p>No todos los abogados de defensa penal y de DUI son iguales, y es fundamental no arriesgar su libertad ni sus derechos. Le conviene contar con un abogado con amplia experiencia en el manejo de cargos por DUI y que comprenda plenamente la ley. Adem\u00e1s, necesita un equipo legal que priorice la comunicaci\u00f3n, asegur\u00e1ndose de que comprenda sus opciones y estrategias. Es fundamental conocer las posibles consecuencias y los costos asociados. Un equipo legal especializado en asuntos penales, incluyendo cargos por DUI, tendr\u00e1 las mejores posibilidades de que sus cargos sean desestimados. Al enfrentarse a un cargo por DUI, el miedo y la confusi\u00f3n son emociones comunes.<\/p>\n<h2><strong>Proteja sus derechos con un abogado especializado en DUI en Woodburn <\/strong><\/h2>\n<p>En Gilroy Napoli Short Law Group, ofrecemos consultas iniciales gratuitas para ayudarle a explorar sus opciones legales. Cont\u00e1ctenos hoy mismo al 503-747-7198. Nuestros abogados con amplia experiencia se dedican a defender a clientes acusados de conducir bajo la influencia del alcohol (DUI) en el condado de Marion, Woodburn, Salem, Keizer, Aurora y otras localidades de Oreg\u00f3n. Nos hemos ganado nuestra reputaci\u00f3n protegiendo la suya.<\/p>\n<p><a href=\"https:\/\/www.gilroynapolishort.com\/es\/contact\/\">Cont\u00e1ctenos\u00a0<\/a><\/p>\n<p><strong>Se habla espa\u00f1ol.<\/strong><\/p>\n<blockquote><p><em>Busc\u00e1bamos a los mejores abogados defensores cerca de m\u00ed cuando encontramos a Jason Short. Recomiendo ampliamente este bufete a cualquiera que tenga un caso pendiente en un tribunal penal.<\/em><\/p><\/blockquote>\n<p>\u2013 Gary L. \u2013 Excliente de GNS Law Group<\/p>\n<p>Llame hoy para una consulta gratuita: <a href=\"tel:5037477198\">503-747-7198<\/a><\/p>\n<p>Lorem ipsum dolor sit amet, consectetur adipiscing elit. Ut elit tellus, luctus nec ullamcorper mattis, pulvinar dapibus leo.<\/p>","protected":false},"excerpt":{"rendered":"<p>Are you in need of a Woodburn DUI Lawyer? Searching for &#8220;The best DUI lawyers near me?&#8221; It&#8217;s astonishing how quickly your life can change with one impulsive decision. A&#8230;<\/p>","protected":false},"author":4,"featured_media":0,"parent":0,"menu_order":0,"comment_status":"closed","ping_status":"closed","template":"single-dui-page.php","meta":{"_acf_changed":false,"footnotes":""},"class_list":["post-3087","page","type-page","status-publish","hentry"],"acf":[],"yoast_head":"<!-- This site is optimized with the Yoast SEO plugin v27.3 - https:\/\/yoast.com\/product\/yoast-seo-wordpress\/ -->\n<title>Woodburn DUI Attorney: Salem, Keizer, Woodburn, Marion County DUI Lawyer<\/title>\n<meta name=\"description\" content=\"Marion County DUI Attorney: Call on us if you&#039;ve been charged with DUII drunk driving in Woodburn, Keizer or Salem Oregon. Free Consultation.\" \/>\n<meta name=\"robots\" content=\"index, follow, max-snippet:-1, max-image-preview:large, max-video-preview:-1\" \/>\n<link rel=\"canonical\" href=\"https:\/\/www.gilroynapolishort.com\/es\/woodburn-dui-attorney\/\" \/>\n<meta property=\"og:locale\" content=\"es_MX\" \/>\n<meta property=\"og:type\" content=\"article\" \/>\n<meta property=\"og:title\" content=\"Woodburn DUI Attorney: Salem, Keizer, Woodburn, Marion County DUI Lawyer\" \/>\n<meta property=\"og:description\" content=\"Marion County DUI Attorney: Call on us if you&#039;ve been charged with DUII drunk driving in Woodburn, Keizer or Salem Oregon. Free Consultation.\" \/>\n<meta property=\"og:url\" content=\"https:\/\/www.gilroynapolishort.com\/es\/woodburn-dui-attorney\/\" \/>\n<meta property=\"og:site_name\" content=\"GNS Law Group\" \/>\n<meta property=\"article:modified_time\" content=\"2024-11-21T16:32:50+00:00\" \/>\n<meta name=\"twitter:card\" content=\"summary_large_image\" \/>\n<meta name=\"twitter:label1\" content=\"Est. reading time\" \/>\n\t<meta name=\"twitter:data1\" content=\"3 minutos\" \/>\n<script type=\"application\/ld+json\" class=\"yoast-schema-graph\">{\"@context\":\"https:\\\/\\\/schema.org\",\"@graph\":[{\"@type\":\"WebPage\",\"@id\":\"https:\\\/\\\/www.gilroynapolishort.com\\\/woodburn-dui-attorney\\\/\",\"url\":\"https:\\\/\\\/www.gilroynapolishort.com\\\/woodburn-dui-attorney\\\/\",\"name\":\"Woodburn DUI Attorney: Salem, Keizer, Woodburn, Marion County DUI Lawyer\",\"isPartOf\":{\"@id\":\"https:\\\/\\\/www.gilroynapolishort.com\\\/#website\"},\"datePublished\":\"2023-07-17T20:54:28+00:00\",\"dateModified\":\"2024-11-21T16:32:50+00:00\",\"description\":\"Marion County DUI Attorney: Call on us if you've been charged with DUII drunk driving in Woodburn, Keizer or Salem Oregon. Free Consultation.\",\"breadcrumb\":{\"@id\":\"https:\\\/\\\/www.gilroynapolishort.com\\\/woodburn-dui-attorney\\\/#breadcrumb\"},\"inLanguage\":\"es\",\"potentialAction\":[{\"@type\":\"ReadAction\",\"target\":[\"https:\\\/\\\/www.gilroynapolishort.com\\\/woodburn-dui-attorney\\\/\"]}]},{\"@type\":\"BreadcrumbList\",\"@id\":\"https:\\\/\\\/www.gilroynapolishort.com\\\/woodburn-dui-attorney\\\/#breadcrumb\",\"itemListElement\":[{\"@type\":\"ListItem\",\"position\":1,\"name\":\"Home\",\"item\":\"https:\\\/\\\/www.gilroynapolishort.com\\\/\"},{\"@type\":\"ListItem\",\"position\":2,\"name\":\"Woodburn DUI Attorney\"}]},{\"@type\":\"WebSite\",\"@id\":\"https:\\\/\\\/www.gilroynapolishort.com\\\/#website\",\"url\":\"https:\\\/\\\/www.gilroynapolishort.com\\\/\",\"name\":\"Gilroy Napoli Short Law Group\",\"description\":\"\",\"potentialAction\":[{\"@type\":\"SearchAction\",\"target\":{\"@type\":\"EntryPoint\",\"urlTemplate\":\"https:\\\/\\\/www.gilroynapolishort.com\\\/?s={search_term_string}\"},\"query-input\":{\"@type\":\"PropertyValueSpecification\",\"valueRequired\":true,\"valueName\":\"search_term_string\"}}],\"inLanguage\":\"es\"}]}<\/script>\n<!-- \/ Yoast SEO plugin. -->","yoast_head_json":{"title":"Woodburn DUI Attorney: Salem, Keizer, Woodburn, Marion County DUI Lawyer","description":"Marion County DUI Attorney: Call on us if you've been charged with DUII drunk driving in Woodburn, Keizer or Salem Oregon. Free Consultation.","robots":{"index":"index","follow":"follow","max-snippet":"max-snippet:-1","max-image-preview":"max-image-preview:large","max-video-preview":"max-video-preview:-1"},"canonical":"https:\/\/www.gilroynapolishort.com\/es\/woodburn-dui-attorney\/","og_locale":"es_MX","og_type":"article","og_title":"Woodburn DUI Attorney: Salem, Keizer, Woodburn, Marion County DUI Lawyer","og_description":"Marion County DUI Attorney: Call on us if you've been charged with DUII drunk driving in Woodburn, Keizer or Salem Oregon. Free Consultation.","og_url":"https:\/\/www.gilroynapolishort.com\/es\/woodburn-dui-attorney\/","og_site_name":"GNS Law Group","article_modified_time":"2024-11-21T16:32:50+00:00","twitter_card":"summary_large_image","twitter_misc":{"Est. reading time":"3 minutos"},"schema":{"@context":"https:\/\/schema.org","@graph":[{"@type":"WebPage","@id":"https:\/\/www.gilroynapolishort.com\/woodburn-dui-attorney\/","url":"https:\/\/www.gilroynapolishort.com\/woodburn-dui-attorney\/","name":"Woodburn DUI Attorney: Salem, Keizer, Woodburn, Marion County DUI Lawyer","isPartOf":{"@id":"https:\/\/www.gilroynapolishort.com\/#website"},"datePublished":"2023-07-17T20:54:28+00:00","dateModified":"2024-11-21T16:32:50+00:00","description":"Marion County DUI Attorney: Call on us if you've been charged with DUII drunk driving in Woodburn, Keizer or Salem Oregon. Free Consultation.","breadcrumb":{"@id":"https:\/\/www.gilroynapolishort.com\/woodburn-dui-attorney\/#breadcrumb"},"inLanguage":"es","potentialAction":[{"@type":"ReadAction","target":["https:\/\/www.gilroynapolishort.com\/woodburn-dui-attorney\/"]}]},{"@type":"BreadcrumbList","@id":"https:\/\/www.gilroynapolishort.com\/woodburn-dui-attorney\/#breadcrumb","itemListElement":[{"@type":"ListItem","position":1,"name":"Home","item":"https:\/\/www.gilroynapolishort.com\/"},{"@type":"ListItem","position":2,"name":"Woodburn DUI Attorney"}]},{"@type":"WebSite","@id":"https:\/\/www.gilroynapolishort.com\/#website","url":"https:\/\/www.gilroynapolishort.com\/","name":"Grupo de abogados Gilroy Napoli Short","description":"","potentialAction":[{"@type":"SearchAction","target":{"@type":"EntryPoint","urlTemplate":"https:\/\/www.gilroynapolishort.com\/?s={search_term_string}"},"query-input":{"@type":"PropertyValueSpecification","valueRequired":true,"valueName":"search_term_string"}}],"inLanguage":"es"}]}},"_links":{"self":[{"href":"https:\/\/www.gilroynapolishort.com\/es\/wp-json\/wp\/v2\/pages\/3087","targetHints":{"allow":["GET"]}}],"collection":[{"href":"https:\/\/www.gilroynapolishort.com\/es\/wp-json\/wp\/v2\/pages"}],"about":[{"href":"https:\/\/www.gilroynapolishort.com\/es\/wp-json\/wp\/v2\/types\/page"}],"author":[{"embeddable":true,"href":"https:\/\/www.gilroynapolishort.com\/es\/wp-json\/wp\/v2\/users\/4"}],"replies":[{"embeddable":true,"href":"https:\/\/www.gilroynapolishort.com\/es\/wp-json\/wp\/v2\/comments?post=3087"}],"version-history":[{"count":0,"href":"https:\/\/www.gilroynapolishort.com\/es\/wp-json\/wp\/v2\/pages\/3087\/revisions"}],"wp:attachment":[{"href":"https:\/\/www.gilroynapolishort.com\/es\/wp-json\/wp\/v2\/media?parent=3087"}],"curies":[{"name":"wp","href":"https:\/\/api.w.org\/{rel}","templated":true}]}}