{"id":3279,"date":"2026-04-01T07:24:39","date_gmt":"2026-04-01T14:24:39","guid":{"rendered":"https:\/\/www.gilroynapolishort.com\/?page_id=2"},"modified":"2026-04-06T19:20:50","modified_gmt":"2026-04-07T02:20:50","slug":"sample-page-3","status":"publish","type":"page","link":"https:\/\/www.gilroynapolishort.com\/es\/","title":{"rendered":"Hogar"},"content":{"rendered":"<h2>Bufetes de abogados en Portland, Salem, Bend, Medford y Hillsboro<\/h2>\n<p>Gilroy Napoli Short le invita a programar una evaluaci\u00f3n gratuita y sin compromiso. Llame a nuestros abogados al 503-747-7198. Vis\u00edtenos durante el d\u00eda o solicite una cita fuera del horario laboral. Tambi\u00e9n podemos reunirnos con usted en una comisar\u00eda o en la c\u00e1rcel; solo av\u00edsenos.<\/p>\n<p>Ponga nuestra experiencia a su servicio. Nuestros Super Abogados de Oreg\u00f3n, con calificaci\u00f3n de 5 estrellas, se han ganado la reputaci\u00f3n de ser algunos de los mejores abogados de lesiones personales y defensa penal en... <a href=\"https:\/\/www.gilroynapolishort.com\/es\/salem\/\">Salem<\/a>, <a href=\"https:\/\/www.gilroynapolishort.com\/es\/bend\/\">Bend<\/a>, <a href=\"https:\/\/www.gilroynapolishort.com\/es\/dui-lawyer-medford\/\">Medford<\/a>, <a href=\"https:\/\/www.gilroynapolishort.com\/es\/hillsboro\/\">Hillsboro<\/a>, y <a href=\"https:\/\/www.gilroynapolishort.com\/es\/portland\/\">Portland<\/a>.<\/p>","protected":false},"excerpt":{"rendered":"<p>Law Offices in Portland, Salem, Bend, Medford, and Hillsboro Gilroy Napoli Short invites you to schedule a no-charge, no-obligation case evaluation. Call our lawyers at 503-747-7198. Visit us by day,&#8230;<\/p>","protected":false},"author":2,"featured_media":0,"parent":0,"menu_order":0,"comment_status":"closed","ping_status":"open","template":"","meta":{"_acf_changed":false,"footnotes":""},"class_list":["post-3279","page","type-page","status-publish","hentry"],"acf":[],"yoast_head":"<!-- This site is optimized with the Yoast SEO plugin v27.3 - https:\/\/yoast.com\/product\/yoast-seo-wordpress\/ -->\n<title>Oregon Criminal Defense Attorneys | Portland, Salem, Bend, &amp; Hillsboro<\/title>\n<meta name=\"description\" content=\"We invite you to schedule a no-charge, no-obligation case evaluation with our attorneys in Portland, Salem, Bend, or Hillsboro. 5-Star Rated BBB A+ Law Firm.\" \/>\n<meta name=\"robots\" content=\"index, follow, max-snippet:-1, max-image-preview:large, max-video-preview:-1\" \/>\n<link rel=\"canonical\" href=\"https:\/\/www.gilroynapolishort.com\/es\/\" \/>\n<meta property=\"og:locale\" content=\"es_MX\" \/>\n<meta property=\"og:type\" content=\"article\" \/>\n<meta property=\"og:title\" content=\"Oregon Criminal Defense Attorneys | Portland, Salem, Bend, &amp; Hillsboro\" \/>\n<meta property=\"og:description\" content=\"We invite you to schedule a no-charge, no-obligation case evaluation with our attorneys in Portland, Salem, Bend, or Hillsboro. 5-Star Rated BBB A+ Law Firm.\" \/>\n<meta property=\"og:url\" content=\"https:\/\/www.gilroynapolishort.com\/es\/\" \/>\n<meta property=\"og:site_name\" content=\"GNS Law Group\" \/>\n<meta property=\"article:modified_time\" content=\"2026-04-07T02:20:50+00:00\" \/>\n<meta name=\"twitter:card\" content=\"summary_large_image\" \/>\n<meta name=\"twitter:label1\" content=\"Est. reading time\" \/>\n\t<meta name=\"twitter:data1\" content=\"1 minuto\" \/>\n<script type=\"application\/ld+json\" class=\"yoast-schema-graph\">{\"@context\":\"https:\\\/\\\/schema.org\",\"@graph\":[{\"@type\":\"WebPage\",\"@id\":\"https:\\\/\\\/www.gilroynapolishort.com\\\/\",\"url\":\"https:\\\/\\\/www.gilroynapolishort.com\\\/\",\"name\":\"Oregon Criminal Defense Attorneys | Portland, Salem, Bend, & Hillsboro\",\"isPartOf\":{\"@id\":\"https:\\\/\\\/www.gilroynapolishort.com\\\/#website\"},\"datePublished\":\"2026-04-01T14:24:39+00:00\",\"dateModified\":\"2026-04-07T02:20:50+00:00\",\"description\":\"We invite you to schedule a no-charge, no-obligation case evaluation with our attorneys in Portland, Salem, Bend, or Hillsboro. 5-Star Rated BBB A+ Law Firm.\",\"breadcrumb\":{\"@id\":\"https:\\\/\\\/www.gilroynapolishort.com\\\/#breadcrumb\"},\"inLanguage\":\"es\",\"potentialAction\":[{\"@type\":\"ReadAction\",\"target\":[\"https:\\\/\\\/www.gilroynapolishort.com\\\/\"]}]},{\"@type\":\"BreadcrumbList\",\"@id\":\"https:\\\/\\\/www.gilroynapolishort.com\\\/#breadcrumb\",\"itemListElement\":[{\"@type\":\"ListItem\",\"position\":1,\"name\":\"Home\",\"item\":\"https:\\\/\\\/www.gilroynapolishort.com\\\/\"},{\"@type\":\"ListItem\",\"position\":2,\"name\":\"Home\"}]},{\"@type\":\"WebSite\",\"@id\":\"https:\\\/\\\/www.gilroynapolishort.com\\\/#website\",\"url\":\"https:\\\/\\\/www.gilroynapolishort.com\\\/\",\"name\":\"Gilroy Napoli Short Law Group\",\"description\":\"\",\"potentialAction\":[{\"@type\":\"SearchAction\",\"target\":{\"@type\":\"EntryPoint\",\"urlTemplate\":\"https:\\\/\\\/www.gilroynapolishort.com\\\/?s={search_term_string}\"},\"query-input\":{\"@type\":\"PropertyValueSpecification\",\"valueRequired\":true,\"valueName\":\"search_term_string\"}}],\"inLanguage\":\"es\"}]}<\/script>\n<!-- \/ Yoast SEO plugin. -->","yoast_head_json":{"title":"Oregon Criminal Defense Attorneys | Portland, Salem, Bend, & Hillsboro","description":"We invite you to schedule a no-charge, no-obligation case evaluation with our attorneys in Portland, Salem, Bend, or Hillsboro. 5-Star Rated BBB A+ Law Firm.","robots":{"index":"index","follow":"follow","max-snippet":"max-snippet:-1","max-image-preview":"max-image-preview:large","max-video-preview":"max-video-preview:-1"},"canonical":"https:\/\/www.gilroynapolishort.com\/es\/","og_locale":"es_MX","og_type":"article","og_title":"Oregon Criminal Defense Attorneys | Portland, Salem, Bend, & Hillsboro","og_description":"We invite you to schedule a no-charge, no-obligation case evaluation with our attorneys in Portland, Salem, Bend, or Hillsboro. 5-Star Rated BBB A+ Law Firm.","og_url":"https:\/\/www.gilroynapolishort.com\/es\/","og_site_name":"GNS Law Group","article_modified_time":"2026-04-07T02:20:50+00:00","twitter_card":"summary_large_image","twitter_misc":{"Est. reading time":"1 minuto"},"schema":{"@context":"https:\/\/schema.org","@graph":[{"@type":"WebPage","@id":"https:\/\/www.gilroynapolishort.com\/","url":"https:\/\/www.gilroynapolishort.com\/","name":"Oregon Criminal Defense Attorneys | Portland, Salem, Bend, & Hillsboro","isPartOf":{"@id":"https:\/\/www.gilroynapolishort.com\/#website"},"datePublished":"2026-04-01T14:24:39+00:00","dateModified":"2026-04-07T02:20:50+00:00","description":"We invite you to schedule a no-charge, no-obligation case evaluation with our attorneys in Portland, Salem, Bend, or Hillsboro. 5-Star Rated BBB A+ Law Firm.","breadcrumb":{"@id":"https:\/\/www.gilroynapolishort.com\/#breadcrumb"},"inLanguage":"es","potentialAction":[{"@type":"ReadAction","target":["https:\/\/www.gilroynapolishort.com\/"]}]},{"@type":"BreadcrumbList","@id":"https:\/\/www.gilroynapolishort.com\/#breadcrumb","itemListElement":[{"@type":"ListItem","position":1,"name":"Home","item":"https:\/\/www.gilroynapolishort.com\/"},{"@type":"ListItem","position":2,"name":"Home"}]},{"@type":"WebSite","@id":"https:\/\/www.gilroynapolishort.com\/#website","url":"https:\/\/www.gilroynapolishort.com\/","name":"Grupo de abogados Gilroy Napoli Short","description":"","potentialAction":[{"@type":"SearchAction","target":{"@type":"EntryPoint","urlTemplate":"https:\/\/www.gilroynapolishort.com\/?s={search_term_string}"},"query-input":{"@type":"PropertyValueSpecification","valueRequired":true,"valueName":"search_term_string"}}],"inLanguage":"es"}]}},"_links":{"self":[{"href":"https:\/\/www.gilroynapolishort.com\/es\/wp-json\/wp\/v2\/pages\/3279","targetHints":{"allow":["GET"]}}],"collection":[{"href":"https:\/\/www.gilroynapolishort.com\/es\/wp-json\/wp\/v2\/pages"}],"about":[{"href":"https:\/\/www.gilroynapolishort.com\/es\/wp-json\/wp\/v2\/types\/page"}],"author":[{"embeddable":true,"href":"https:\/\/www.gilroynapolishort.com\/es\/wp-json\/wp\/v2\/users\/2"}],"replies":[{"embeddable":true,"href":"https:\/\/www.gilroynapolishort.com\/es\/wp-json\/wp\/v2\/comments?post=3279"}],"version-history":[{"count":0,"href":"https:\/\/www.gilroynapolishort.com\/es\/wp-json\/wp\/v2\/pages\/3279\/revisions"}],"wp:attachment":[{"href":"https:\/\/www.gilroynapolishort.com\/es\/wp-json\/wp\/v2\/media?parent=3279"}],"curies":[{"name":"wp","href":"https:\/\/api.w.org\/{rel}","templated":true}]}}