{"id":3933,"date":"2024-08-01T07:45:11","date_gmt":"2024-08-01T14:45:11","guid":{"rendered":"https:\/\/www.gilroynapolishort.com\/?page_id=3933"},"modified":"2024-11-21T08:34:27","modified_gmt":"2024-11-21T16:34:27","slug":"mtangel-dui-attorney","status":"publish","type":"page","link":"https:\/\/www.gilroynapolishort.com\/es\/mtangel-dui-attorney\/","title":{"rendered":"Abogado de DUI de Mt. Angel"},"content":{"rendered":"<h1 style=\"text-align: left;\">\u00bfNecesita un abogado especializado en DUI en Mt. Angel?<\/h1>\n<p style=\"text-align: left;\">Enfrentar un cargo por DUI en Mt. Angel puede ser abrumador, pero no tiene que hacerlo solo. En Gilroy Napoli Short, comprendemos el profundo impacto que un cargo por DUI puede tener en su vida. Nuestros abogados con experiencia en DUI en Mt. Angel est\u00e1n aqu\u00ed para guiarlo a trav\u00e9s del proceso legal y proteger sus derechos. Nuestro equipo se compromete a brindar una defensa agresiva y una representaci\u00f3n personalizada para garantizar el mejor resultado posible para su caso.<\/p>\n<h2 style=\"text-align: left;\">Abogados de DUI mejor calificados en Mt. Angel<\/h2>\n<p style=\"text-align: left;\">Con a\u00f1os de experiencia en casos de DUI, nuestros abogados de Keizer especializados en DUI conocen a fondo las leyes y el sistema legal de Oreg\u00f3n. Hemos representado con \u00e9xito a numerosos clientes acusados de DUI y estamos preparados para defender sus derechos. Ya sea su primera vez o si tiene antecedentes penales por DUI, nuestros abogados investigar\u00e1n diligentemente su caso, recopilar\u00e1n pruebas y desarrollar\u00e1n una s\u00f3lida estrategia de defensa adaptada a sus circunstancias espec\u00edficas.<\/p>\n<p>El estado de Oreg\u00f3n suele ofrecer un programa de desv\u00edo a quienes acusan por primera vez de conducir bajo los efectos del alcohol (DUI), lo cual puede parecer una opci\u00f3n sencilla. Sin embargo, un abogado con experiencia en DUI de Mt. Angel puede ayudarle a comprender todas las implicaciones y a navegar por las complejidades del sistema. En algunos casos, un cargo por DUI puede desestimarse por completo. Elegir un abogado defensor con excelentes calificaciones que proteja sus derechos es crucial.<\/p>\n<h2 style=\"text-align: left;\">Abogado local de Mt. Angel<\/h2>\n<p style=\"text-align: left;\">Mt. Angel, Oreg\u00f3n, en el condado de Marion, es un encantador pueblo conocido por su rica herencia alemana y su Oktoberfest anual. Con una comunidad unida de unos 3500 residentes, Mt. Angel se encuentra a solo 29 kil\u00f3metros al noreste de Salem y a aproximadamente una hora de Portland, lo que lo hace f\u00e1cilmente accesible.<\/p>\n<p>Contratar a un abogado local deber\u00eda ser una prioridad si reside en Mt. Angel. Los abogados locales comprenden las leyes y regulaciones espec\u00edficas de Oreg\u00f3n y del condado de Marion. Conocen los sistemas judiciales locales y pueden brindar una defensa m\u00e1s s\u00f3lida. <a href=\"https:\/\/www.gilroynapolishort.com\/es\/practice-areas\/criminal-defense\/\">abogado defensor penal<\/a> Quien conoce los matices de los cargos locales por DUI, incluido el manejo de infractores primerizos y reincidentes, le brindar\u00e1 la mejor posibilidad de obtener un resultado favorable.<\/p>\n<p><img loading=\"lazy\" decoding=\"async\" src=\"https:\/\/gnslawgroup.wpenginepowered.com\/wp-content\/uploads\/2019\/02\/i-62903-DUII-Lawyers-4456.jpg\" sizes=\"auto, (max-width: 1200px) 100vw, 1200px\" srcset=\"https:\/\/gnslawgroup.wpenginepowered.com\/wp-content\/uploads\/2019\/02\/i-62903-DUII-Lawyers-4456.jpg 1200w, https:\/\/gnslawgroup.wpenginepowered.com\/wp-content\/uploads\/2019\/02\/i-62903-DUII-Lawyers-4456-300x75.jpg 300w, https:\/\/gnslawgroup.wpenginepowered.com\/wp-content\/uploads\/2019\/02\/i-62903-DUII-Lawyers-4456-768x192.jpg 768w, https:\/\/gnslawgroup.wpenginepowered.com\/wp-content\/uploads\/2019\/02\/i-62903-DUII-Lawyers-4456-1024x256.jpg 1024w\" alt=\"\" width=\"1200\" height=\"300\" \/><\/p>\n<h2 style=\"text-align: left;\">Abogados de defensa penal de Mt. Angel<\/h2>\n<p style=\"text-align: left;\">No todos los abogados de defensa penal y de DUI son iguales. No querr\u00e1 arriesgar su libertad y sus derechos eligiendo al abogado equivocado. Necesita a alguien con amplia experiencia en casos de DUI que comprenda a fondo la ley. Contar con un equipo legal que le informe claramente sobre sus opciones y estrategias tambi\u00e9n es esencial. Comprender las posibles consecuencias y los costos asociados es crucial. Su equipo legal debe especializarse en asuntos penales, incluyendo cargos por DUI, para garantizar la mayor probabilidad de que sus cargos sean desestimados. <a href=\"https:\/\/www.gilroynapolishort.com\/es\/practice-areas\/duii-felony-duii\/\">Si le acusan de conducir bajo los efectos del alcohol<\/a>Es normal sentirse asustado y confundido por lo que le espera. Llame al 503-747-7198 de inmediato para obtener la ayuda y las respuestas que necesita para defender su caso.<\/p>\n<h2 style=\"text-align: left;\">Consulta gratuita \u2014 Gilroy Napoli Short \u2013 Mt. Angel<\/h2>\n<p style=\"text-align: left;\">No enfrente su cargo por DUI solo. Cont\u00e1ctenos hoy mismo para programar una consulta inicial gratuita y explorar sus opciones legales. Llame al Gilroy Napoli Short Law Group cerca de Mt. Angel, Oreg\u00f3n, al 503-747-7198. Nuestros abogados con experiencia defienden a clientes con DUI en el condado de Marion, Central Point, Woodburn, Aurora y Oreg\u00f3n. Nos hemos ganado nuestra reputaci\u00f3n protegiendo la suya.<\/p>\n<p style=\"text-align: left;\"><a style=\"color: #000000;\" href=\"https:\/\/www.gilroynapolishort.com\/es\/contact\/\" target=\"_blank\" rel=\"noopener\">Cont\u00e1ctenos<\/a><\/p>\n<p style=\"text-align: center;\"><em>CONSULTAS GRATUITAS\u00a0<\/em><\/p>\n<p style=\"text-align: center;\"><a href=\"tel:5037477198\">503-747-7198 <\/a><\/p>\n<p style=\"text-align: center;\"><strong><em>Se habla espa\u00f1ol.\u00a0 <\/em><\/strong><\/p>\n<p style=\"text-align: left;\"><em>\u00a0<\/em><\/p>\n<p><em>Busc\u00e1bamos a los mejores abogados defensores cerca de m\u00ed cuando encontramos a Jason Short. Recomiendo ampliamente este bufete a cualquiera que tenga un caso pendiente en un tribunal penal.<\/em><\/p>\n<p>\u2013 Gary L. \u2013 Excliente de GNS Law Group<\/p>\n<p>Llame hoy para una consulta gratuita: <a href=\"tel:5037477198\">503-747-7198<\/a><\/p>","protected":false},"excerpt":{"rendered":"<p>Need a Mt. Angel DUI Lawyer? Facing a DUI charge in Mt. Angel can be overwhelming, but you don&#8217;t have to go through it alone. At Gilroy Napoli Short, we&#8230;<\/p>","protected":false},"author":6,"featured_media":0,"parent":0,"menu_order":0,"comment_status":"closed","ping_status":"closed","template":"single-dui-page.php","meta":{"_acf_changed":false,"footnotes":""},"class_list":["post-3933","page","type-page","status-publish","hentry"],"acf":[],"yoast_head":"<!-- This site is optimized with the Yoast SEO plugin v27.3 - https:\/\/yoast.com\/product\/yoast-seo-wordpress\/ -->\n<title>Mt Angel DUI Attorney: Keizer, Salem, Woodburn, Jackson County DUI Lawyer<\/title>\n<meta name=\"description\" content=\"Jackson County DUI Attorney: Call on us if you&#039;ve been charged with DUII drunk driving in Mt Angel, Salem or Woodburn Oregon. Free Consultation.\" \/>\n<meta name=\"robots\" content=\"index, follow, max-snippet:-1, max-image-preview:large, max-video-preview:-1\" \/>\n<link rel=\"canonical\" href=\"https:\/\/www.gilroynapolishort.com\/es\/mtangel-dui-attorney\/\" \/>\n<meta property=\"og:locale\" content=\"es_MX\" \/>\n<meta property=\"og:type\" content=\"article\" \/>\n<meta property=\"og:title\" content=\"Mt Angel DUI Attorney: Keizer, Salem, Woodburn, Jackson County DUI Lawyer\" \/>\n<meta property=\"og:description\" content=\"Jackson County DUI Attorney: Call on us if you&#039;ve been charged with DUII drunk driving in Mt Angel, Salem or Woodburn Oregon. Free Consultation.\" \/>\n<meta property=\"og:url\" content=\"https:\/\/www.gilroynapolishort.com\/es\/mtangel-dui-attorney\/\" \/>\n<meta property=\"og:site_name\" content=\"GNS Law Group\" \/>\n<meta property=\"article:modified_time\" content=\"2024-11-21T16:34:27+00:00\" \/>\n<meta property=\"og:image\" content=\"https:\/\/gnslawgroup.wpenginepowered.com\/wp-content\/uploads\/2019\/02\/i-62903-DUII-Lawyers-4456.jpg\" \/>\n<meta name=\"twitter:card\" content=\"summary_large_image\" \/>\n<meta name=\"twitter:label1\" content=\"Est. reading time\" \/>\n\t<meta name=\"twitter:data1\" content=\"3 minutos\" \/>\n<script type=\"application\/ld+json\" class=\"yoast-schema-graph\">{\"@context\":\"https:\\\/\\\/schema.org\",\"@graph\":[{\"@type\":\"WebPage\",\"@id\":\"https:\\\/\\\/www.gilroynapolishort.com\\\/mtangel-dui-attorney\\\/\",\"url\":\"https:\\\/\\\/www.gilroynapolishort.com\\\/mtangel-dui-attorney\\\/\",\"name\":\"Mt Angel DUI Attorney: Keizer, Salem, Woodburn, Jackson County DUI Lawyer\",\"isPartOf\":{\"@id\":\"https:\\\/\\\/www.gilroynapolishort.com\\\/#website\"},\"primaryImageOfPage\":{\"@id\":\"https:\\\/\\\/www.gilroynapolishort.com\\\/mtangel-dui-attorney\\\/#primaryimage\"},\"image\":{\"@id\":\"https:\\\/\\\/www.gilroynapolishort.com\\\/mtangel-dui-attorney\\\/#primaryimage\"},\"thumbnailUrl\":\"https:\\\/\\\/gnslawgroup.wpenginepowered.com\\\/wp-content\\\/uploads\\\/2019\\\/02\\\/i-62903-DUII-Lawyers-4456.jpg\",\"datePublished\":\"2024-08-01T14:45:11+00:00\",\"dateModified\":\"2024-11-21T16:34:27+00:00\",\"description\":\"Jackson County DUI Attorney: Call on us if you've been charged with DUII drunk driving in Mt Angel, Salem or Woodburn Oregon. Free Consultation.\",\"breadcrumb\":{\"@id\":\"https:\\\/\\\/www.gilroynapolishort.com\\\/mtangel-dui-attorney\\\/#breadcrumb\"},\"inLanguage\":\"es\",\"potentialAction\":[{\"@type\":\"ReadAction\",\"target\":[\"https:\\\/\\\/www.gilroynapolishort.com\\\/mtangel-dui-attorney\\\/\"]}]},{\"@type\":\"ImageObject\",\"inLanguage\":\"es\",\"@id\":\"https:\\\/\\\/www.gilroynapolishort.com\\\/mtangel-dui-attorney\\\/#primaryimage\",\"url\":\"https:\\\/\\\/gnslawgroup.wpenginepowered.com\\\/wp-content\\\/uploads\\\/2019\\\/02\\\/i-62903-DUII-Lawyers-4456.jpg\",\"contentUrl\":\"https:\\\/\\\/gnslawgroup.wpenginepowered.com\\\/wp-content\\\/uploads\\\/2019\\\/02\\\/i-62903-DUII-Lawyers-4456.jpg\"},{\"@type\":\"BreadcrumbList\",\"@id\":\"https:\\\/\\\/www.gilroynapolishort.com\\\/mtangel-dui-attorney\\\/#breadcrumb\",\"itemListElement\":[{\"@type\":\"ListItem\",\"position\":1,\"name\":\"Home\",\"item\":\"https:\\\/\\\/www.gilroynapolishort.com\\\/\"},{\"@type\":\"ListItem\",\"position\":2,\"name\":\"Mt. Angel DUI Attorney\"}]},{\"@type\":\"WebSite\",\"@id\":\"https:\\\/\\\/www.gilroynapolishort.com\\\/#website\",\"url\":\"https:\\\/\\\/www.gilroynapolishort.com\\\/\",\"name\":\"Gilroy Napoli Short Law Group\",\"description\":\"\",\"potentialAction\":[{\"@type\":\"SearchAction\",\"target\":{\"@type\":\"EntryPoint\",\"urlTemplate\":\"https:\\\/\\\/www.gilroynapolishort.com\\\/?s={search_term_string}\"},\"query-input\":{\"@type\":\"PropertyValueSpecification\",\"valueRequired\":true,\"valueName\":\"search_term_string\"}}],\"inLanguage\":\"es\"}]}<\/script>\n<!-- \/ Yoast SEO plugin. -->","yoast_head_json":{"title":"Mt Angel DUI Attorney: Keizer, Salem, Woodburn, Jackson County DUI Lawyer","description":"Jackson County DUI Attorney: Call on us if you've been charged with DUII drunk driving in Mt Angel, Salem or Woodburn Oregon. Free Consultation.","robots":{"index":"index","follow":"follow","max-snippet":"max-snippet:-1","max-image-preview":"max-image-preview:large","max-video-preview":"max-video-preview:-1"},"canonical":"https:\/\/www.gilroynapolishort.com\/es\/mtangel-dui-attorney\/","og_locale":"es_MX","og_type":"article","og_title":"Mt Angel DUI Attorney: Keizer, Salem, Woodburn, Jackson County DUI Lawyer","og_description":"Jackson County DUI Attorney: Call on us if you've been charged with DUII drunk driving in Mt Angel, Salem or Woodburn Oregon. Free Consultation.","og_url":"https:\/\/www.gilroynapolishort.com\/es\/mtangel-dui-attorney\/","og_site_name":"GNS Law Group","article_modified_time":"2024-11-21T16:34:27+00:00","og_image":[{"url":"https:\/\/gnslawgroup.wpenginepowered.com\/wp-content\/uploads\/2019\/02\/i-62903-DUII-Lawyers-4456.jpg","type":"","width":"","height":""}],"twitter_card":"summary_large_image","twitter_misc":{"Est. reading time":"3 minutos"},"schema":{"@context":"https:\/\/schema.org","@graph":[{"@type":"WebPage","@id":"https:\/\/www.gilroynapolishort.com\/mtangel-dui-attorney\/","url":"https:\/\/www.gilroynapolishort.com\/mtangel-dui-attorney\/","name":"Mt Angel DUI Attorney: Keizer, Salem, Woodburn, Jackson County DUI Lawyer","isPartOf":{"@id":"https:\/\/www.gilroynapolishort.com\/#website"},"primaryImageOfPage":{"@id":"https:\/\/www.gilroynapolishort.com\/mtangel-dui-attorney\/#primaryimage"},"image":{"@id":"https:\/\/www.gilroynapolishort.com\/mtangel-dui-attorney\/#primaryimage"},"thumbnailUrl":"https:\/\/gnslawgroup.wpenginepowered.com\/wp-content\/uploads\/2019\/02\/i-62903-DUII-Lawyers-4456.jpg","datePublished":"2024-08-01T14:45:11+00:00","dateModified":"2024-11-21T16:34:27+00:00","description":"Jackson County DUI Attorney: Call on us if you've been charged with DUII drunk driving in Mt Angel, Salem or Woodburn Oregon. Free Consultation.","breadcrumb":{"@id":"https:\/\/www.gilroynapolishort.com\/mtangel-dui-attorney\/#breadcrumb"},"inLanguage":"es","potentialAction":[{"@type":"ReadAction","target":["https:\/\/www.gilroynapolishort.com\/mtangel-dui-attorney\/"]}]},{"@type":"ImageObject","inLanguage":"es","@id":"https:\/\/www.gilroynapolishort.com\/mtangel-dui-attorney\/#primaryimage","url":"https:\/\/gnslawgroup.wpenginepowered.com\/wp-content\/uploads\/2019\/02\/i-62903-DUII-Lawyers-4456.jpg","contentUrl":"https:\/\/gnslawgroup.wpenginepowered.com\/wp-content\/uploads\/2019\/02\/i-62903-DUII-Lawyers-4456.jpg"},{"@type":"BreadcrumbList","@id":"https:\/\/www.gilroynapolishort.com\/mtangel-dui-attorney\/#breadcrumb","itemListElement":[{"@type":"ListItem","position":1,"name":"Home","item":"https:\/\/www.gilroynapolishort.com\/"},{"@type":"ListItem","position":2,"name":"Mt. Angel DUI Attorney"}]},{"@type":"WebSite","@id":"https:\/\/www.gilroynapolishort.com\/#website","url":"https:\/\/www.gilroynapolishort.com\/","name":"Grupo de abogados Gilroy Napoli Short","description":"","potentialAction":[{"@type":"SearchAction","target":{"@type":"EntryPoint","urlTemplate":"https:\/\/www.gilroynapolishort.com\/?s={search_term_string}"},"query-input":{"@type":"PropertyValueSpecification","valueRequired":true,"valueName":"search_term_string"}}],"inLanguage":"es"}]}},"_links":{"self":[{"href":"https:\/\/www.gilroynapolishort.com\/es\/wp-json\/wp\/v2\/pages\/3933","targetHints":{"allow":["GET"]}}],"collection":[{"href":"https:\/\/www.gilroynapolishort.com\/es\/wp-json\/wp\/v2\/pages"}],"about":[{"href":"https:\/\/www.gilroynapolishort.com\/es\/wp-json\/wp\/v2\/types\/page"}],"author":[{"embeddable":true,"href":"https:\/\/www.gilroynapolishort.com\/es\/wp-json\/wp\/v2\/users\/6"}],"replies":[{"embeddable":true,"href":"https:\/\/www.gilroynapolishort.com\/es\/wp-json\/wp\/v2\/comments?post=3933"}],"version-history":[{"count":0,"href":"https:\/\/www.gilroynapolishort.com\/es\/wp-json\/wp\/v2\/pages\/3933\/revisions"}],"wp:attachment":[{"href":"https:\/\/www.gilroynapolishort.com\/es\/wp-json\/wp\/v2\/media?parent=3933"}],"curies":[{"name":"wp","href":"https:\/\/api.w.org\/{rel}","templated":true}]}}