{"id":3934,"date":"2024-03-02T08:37:02","date_gmt":"2024-03-02T16:37:02","guid":{"rendered":"https:\/\/www.gilroynapolishort.com\/?page_id=3934"},"modified":"2024-11-21T08:44:25","modified_gmt":"2024-11-21T16:44:25","slug":"eaglepoint-dui-attorney","status":"publish","type":"page","link":"https:\/\/www.gilroynapolishort.com\/es\/eaglepoint-dui-attorney\/","title":{"rendered":"Abogado de DUI en Eagle Point"},"content":{"rendered":"<h1 style=\"text-align: left;\">Defensa de DUI en Eagle Point: Apoyo legal experto para cargos por DUI<\/h1>\n<p style=\"text-align: left;\">Lidiar con una acusaci\u00f3n por conducir bajo los efectos del alcohol en Eagle Point puede parecer abrumador, pero tenga la seguridad de que no tendr\u00e1 que afrontar este proceso solo. En Gilroy Napoli Short, comprendemos el gran impacto que una acusaci\u00f3n por conducir bajo los efectos del alcohol puede tener en su vida. Nuestros abogados expertos en casos de DUI en Eagle Point est\u00e1n preparados para guiarlo a trav\u00e9s del proceso legal y proteger sus derechos. Con nuestro equipo comprometido, recibir\u00e1 una defensa s\u00f3lida y una representaci\u00f3n personalizada, dise\u00f1ada meticulosamente para garantizar el mejor resultado posible para su caso.<\/p>\n<h2 style=\"text-align: left;\">Abogados l\u00edderes en casos de DUI en Eagle Point<\/h2>\n<p style=\"text-align: left;\">Enfrentar un arresto por conducir bajo los efectos del alcohol y la consiguiente acusaci\u00f3n puede causar una gran inquietud, especialmente para quienes desconocen el sistema legal. Es fundamental contar con un abogado penalista con experiencia y buena reputaci\u00f3n para proteger sus derechos. Nuestros expertos profesionales legales le brindan la asesor\u00eda y la asistencia necesarias para obtener los mejores resultados posibles.<\/p>\n<p>La Universidad Estatal de Oreg\u00f3n suele ofrecer programas de desv\u00edo a personas que enfrentan su primera infracci\u00f3n por conducir bajo los efectos del alcohol, lo que podr\u00eda parecer una soluci\u00f3n sencilla. Sin embargo, un abogado experto en casos de DUI en Eagle Point puede explicar las consecuencias m\u00e1s amplias y comprender el complejo panorama legal. En ciertas situaciones, un cargo por DUI podr\u00eda ser desestimado por completo. Por lo tanto, es fundamental elegir un abogado defensor de alta reputaci\u00f3n que pueda proteger eficazmente sus derechos.<\/p>\n<h2 style=\"text-align: left;\">Abogado de Eagle Point con enfoque comunitario: Asistencia legal especializada en el condado de Jackson, Oreg\u00f3n<\/h2>\n<p>Ubicado en medio de la pintoresca belleza del condado de Jackson, Oreg\u00f3n, Eagle Point abraza una comunidad animada y un paisaje natural impresionante, atrayendo a residentes y visitantes con su c\u00e1lida hospitalidad y una variedad de actividades al aire libre.<\/p>\n<p>Optando por un local <a href=\"https:\/\/www.gilroynapolishort.com\/es\/practice-areas\/criminal-defense\/\">abogado defensor penal<\/a> En Eagle Point es una decisi\u00f3n estrat\u00e9gica. Nuestro equipo legal posee un profundo conocimiento de las leyes y regulaciones de Oreg\u00f3n y un profundo conocimiento de las complejidades legales del Condado de Jackson. Esta experiencia local nos permite desenvolvernos con destreza en los sistemas judiciales regionales, ofreciendo un apoyo legal firme en casos de DUI, ya sea que se trate de una primera infracci\u00f3n o de una reincidencia.<\/p>\n<p><img loading=\"lazy\" decoding=\"async\" src=\"https:\/\/gnslawgroup.wpenginepowered.com\/wp-content\/uploads\/2019\/02\/i-62903-DUII-Lawyers-4456.jpg\" sizes=\"auto, (max-width: 1200px) 100vw, 1200px\" srcset=\"https:\/\/gnslawgroup.wpenginepowered.com\/wp-content\/uploads\/2019\/02\/i-62903-DUII-Lawyers-4456.jpg 1200w, https:\/\/gnslawgroup.wpenginepowered.com\/wp-content\/uploads\/2019\/02\/i-62903-DUII-Lawyers-4456-300x75.jpg 300w, https:\/\/gnslawgroup.wpenginepowered.com\/wp-content\/uploads\/2019\/02\/i-62903-DUII-Lawyers-4456-768x192.jpg 768w, https:\/\/gnslawgroup.wpenginepowered.com\/wp-content\/uploads\/2019\/02\/i-62903-DUII-Lawyers-4456-1024x256.jpg 1024w\" alt=\"\" width=\"1200\" height=\"300\" \/><\/p>\n<h2 style=\"text-align: left;\">Abogados defensores de Eagle Point<\/h2>\n<p style=\"text-align: left;\">No todos los abogados de defensa penal o de DUI ofrecen el mismo nivel de servicio. Seleccionar al defensor legal adecuado es esencial para salvaguardar sus derechos y libertades. Necesita un experto con amplia experiencia en casos de DUI y que comprenda a fondo las complejidades de la ley. Es fundamental que sus representantes legales le comuniquen claramente las estrategias y opciones, as\u00ed como una comprensi\u00f3n completa de las posibles repercusiones y las implicaciones financieras. Elegir un asesor legal especializado en derecho penal, en particular en cargos de DUI, aumenta sus posibilidades de obtener una resoluci\u00f3n favorable.<\/p>\n<h2 style=\"text-align: left;\">Proteja sus derechos con un abogado de DUI en Eagle Point<\/h2>\n<p style=\"text-align: left;\"><a href=\"https:\/\/www.gilroynapolishort.com\/es\/practice-areas\/duii-felony-duii\/\">Cuando se enfrenta a una acusaci\u00f3n de conducir bajo los efectos del alcohol<\/a>Contar con la asistencia adecuada es fundamental. Ofrecemos asesor\u00eda y representaci\u00f3n legal experta en Gilroy Napoli Short en Eagle Point, Oreg\u00f3n. Nuestro \u00e9xito demostrado en la defensa de casos de DUI en el condado de Jackson, Central Point, Medford, Ashland y \u00e1reas circundantes respalda nuestra credibilidad y nos hemos ganado la confianza de nuestros clientes. Ll\u00e1menos al 503-747-7198 para una consulta inicial gratuita y perm\u00edtanos guiarlo en este momento tan dif\u00edcil.<\/p>\n<p style=\"text-align: left;\"><a style=\"color: #000000;\" href=\"https:\/\/www.gilroynapolishort.com\/es\/contact\/\" target=\"_blank\" rel=\"noopener\">Cont\u00e1ctenos<\/a><\/p>\n<p style=\"text-align: center;\"><em>CONSULTAS GRATUITAS\u00a0<\/em><\/p>\n<p style=\"text-align: center;\"><a href=\"tel:5037477198\">503-747-7198 <\/a><\/p>\n<p style=\"text-align: center;\"><strong><em>Se habla espa\u00f1ol.\u00a0 <\/em><\/strong><\/p>\n<p style=\"text-align: left;\"><em>\u00a0<\/em><\/p>\n<p><em>Busc\u00e1bamos a los mejores abogados defensores cerca de m\u00ed cuando encontramos a Jason Short. Recomiendo ampliamente este bufete a cualquiera que tenga un caso pendiente en un tribunal penal.<\/em><\/p>\n<p>\u2013 Gary L. \u2013 Excliente de GNS Law Group<\/p>\n<p>Llame hoy para una consulta gratuita: <a href=\"tel:5037477198\">503-747-7198<\/a><\/p>","protected":false},"excerpt":{"rendered":"<p>Eagle Point DUI Defense: Expert Legal Support for DUI Charges Entering into the realm of a DUI accusation in Eagle Point may appear daunting, but rest assured, you won&#8217;t have&#8230;<\/p>","protected":false},"author":6,"featured_media":0,"parent":0,"menu_order":0,"comment_status":"closed","ping_status":"closed","template":"single-dui-page.php","meta":{"_acf_changed":false,"footnotes":""},"class_list":["post-3934","page","type-page","status-publish","hentry"],"acf":[],"yoast_head":"<!-- This site is optimized with the Yoast SEO plugin v27.3 - https:\/\/yoast.com\/product\/yoast-seo-wordpress\/ -->\n<title>Eagle Point DUI Attorney: Keizer, Salem, Woodburn, Jackson County DUI Lawyer<\/title>\n<meta name=\"description\" content=\"Jackson County DUI Attorney: Call on us if you&#039;ve been charged with DUII drunk driving in Eagle Point, Salem or Woodburn Oregon. Free Consultation.\" \/>\n<meta name=\"robots\" content=\"index, follow, max-snippet:-1, max-image-preview:large, max-video-preview:-1\" \/>\n<link rel=\"canonical\" href=\"https:\/\/www.gilroynapolishort.com\/es\/eaglepoint-dui-attorney\/\" \/>\n<meta property=\"og:locale\" content=\"es_MX\" \/>\n<meta property=\"og:type\" content=\"article\" \/>\n<meta property=\"og:title\" content=\"Eagle Point DUI Attorney: Keizer, Salem, Woodburn, Jackson County DUI Lawyer\" \/>\n<meta property=\"og:description\" content=\"Jackson County DUI Attorney: Call on us if you&#039;ve been charged with DUII drunk driving in Eagle Point, Salem or Woodburn Oregon. Free Consultation.\" \/>\n<meta property=\"og:url\" content=\"https:\/\/www.gilroynapolishort.com\/es\/eaglepoint-dui-attorney\/\" \/>\n<meta property=\"og:site_name\" content=\"GNS Law Group\" \/>\n<meta property=\"article:modified_time\" content=\"2024-11-21T16:44:25+00:00\" \/>\n<meta property=\"og:image\" content=\"https:\/\/gnslawgroup.wpenginepowered.com\/wp-content\/uploads\/2019\/02\/i-62903-DUII-Lawyers-4456.jpg\" \/>\n<meta name=\"twitter:card\" content=\"summary_large_image\" \/>\n<meta name=\"twitter:label1\" content=\"Est. reading time\" \/>\n\t<meta name=\"twitter:data1\" content=\"3 minutos\" \/>\n<script type=\"application\/ld+json\" class=\"yoast-schema-graph\">{\"@context\":\"https:\\\/\\\/schema.org\",\"@graph\":[{\"@type\":\"WebPage\",\"@id\":\"https:\\\/\\\/www.gilroynapolishort.com\\\/eaglepoint-dui-attorney\\\/\",\"url\":\"https:\\\/\\\/www.gilroynapolishort.com\\\/eaglepoint-dui-attorney\\\/\",\"name\":\"Eagle Point DUI Attorney: Keizer, Salem, Woodburn, Jackson County DUI Lawyer\",\"isPartOf\":{\"@id\":\"https:\\\/\\\/www.gilroynapolishort.com\\\/#website\"},\"primaryImageOfPage\":{\"@id\":\"https:\\\/\\\/www.gilroynapolishort.com\\\/eaglepoint-dui-attorney\\\/#primaryimage\"},\"image\":{\"@id\":\"https:\\\/\\\/www.gilroynapolishort.com\\\/eaglepoint-dui-attorney\\\/#primaryimage\"},\"thumbnailUrl\":\"https:\\\/\\\/gnslawgroup.wpenginepowered.com\\\/wp-content\\\/uploads\\\/2019\\\/02\\\/i-62903-DUII-Lawyers-4456.jpg\",\"datePublished\":\"2024-03-02T16:37:02+00:00\",\"dateModified\":\"2024-11-21T16:44:25+00:00\",\"description\":\"Jackson County DUI Attorney: Call on us if you've been charged with DUII drunk driving in Eagle Point, Salem or Woodburn Oregon. Free Consultation.\",\"breadcrumb\":{\"@id\":\"https:\\\/\\\/www.gilroynapolishort.com\\\/eaglepoint-dui-attorney\\\/#breadcrumb\"},\"inLanguage\":\"es\",\"potentialAction\":[{\"@type\":\"ReadAction\",\"target\":[\"https:\\\/\\\/www.gilroynapolishort.com\\\/eaglepoint-dui-attorney\\\/\"]}]},{\"@type\":\"ImageObject\",\"inLanguage\":\"es\",\"@id\":\"https:\\\/\\\/www.gilroynapolishort.com\\\/eaglepoint-dui-attorney\\\/#primaryimage\",\"url\":\"https:\\\/\\\/gnslawgroup.wpenginepowered.com\\\/wp-content\\\/uploads\\\/2019\\\/02\\\/i-62903-DUII-Lawyers-4456.jpg\",\"contentUrl\":\"https:\\\/\\\/gnslawgroup.wpenginepowered.com\\\/wp-content\\\/uploads\\\/2019\\\/02\\\/i-62903-DUII-Lawyers-4456.jpg\"},{\"@type\":\"BreadcrumbList\",\"@id\":\"https:\\\/\\\/www.gilroynapolishort.com\\\/eaglepoint-dui-attorney\\\/#breadcrumb\",\"itemListElement\":[{\"@type\":\"ListItem\",\"position\":1,\"name\":\"Home\",\"item\":\"https:\\\/\\\/www.gilroynapolishort.com\\\/\"},{\"@type\":\"ListItem\",\"position\":2,\"name\":\"Eagle Point DUI Attorney\"}]},{\"@type\":\"WebSite\",\"@id\":\"https:\\\/\\\/www.gilroynapolishort.com\\\/#website\",\"url\":\"https:\\\/\\\/www.gilroynapolishort.com\\\/\",\"name\":\"Gilroy Napoli Short Law Group\",\"description\":\"\",\"potentialAction\":[{\"@type\":\"SearchAction\",\"target\":{\"@type\":\"EntryPoint\",\"urlTemplate\":\"https:\\\/\\\/www.gilroynapolishort.com\\\/?s={search_term_string}\"},\"query-input\":{\"@type\":\"PropertyValueSpecification\",\"valueRequired\":true,\"valueName\":\"search_term_string\"}}],\"inLanguage\":\"es\"}]}<\/script>\n<!-- \/ Yoast SEO plugin. -->","yoast_head_json":{"title":"Eagle Point DUI Attorney: Keizer, Salem, Woodburn, Jackson County DUI Lawyer","description":"Jackson County DUI Attorney: Call on us if you've been charged with DUII drunk driving in Eagle Point, Salem or Woodburn Oregon. Free Consultation.","robots":{"index":"index","follow":"follow","max-snippet":"max-snippet:-1","max-image-preview":"max-image-preview:large","max-video-preview":"max-video-preview:-1"},"canonical":"https:\/\/www.gilroynapolishort.com\/es\/eaglepoint-dui-attorney\/","og_locale":"es_MX","og_type":"article","og_title":"Eagle Point DUI Attorney: Keizer, Salem, Woodburn, Jackson County DUI Lawyer","og_description":"Jackson County DUI Attorney: Call on us if you've been charged with DUII drunk driving in Eagle Point, Salem or Woodburn Oregon. Free Consultation.","og_url":"https:\/\/www.gilroynapolishort.com\/es\/eaglepoint-dui-attorney\/","og_site_name":"GNS Law Group","article_modified_time":"2024-11-21T16:44:25+00:00","og_image":[{"url":"https:\/\/gnslawgroup.wpenginepowered.com\/wp-content\/uploads\/2019\/02\/i-62903-DUII-Lawyers-4456.jpg","type":"","width":"","height":""}],"twitter_card":"summary_large_image","twitter_misc":{"Est. reading time":"3 minutos"},"schema":{"@context":"https:\/\/schema.org","@graph":[{"@type":"WebPage","@id":"https:\/\/www.gilroynapolishort.com\/eaglepoint-dui-attorney\/","url":"https:\/\/www.gilroynapolishort.com\/eaglepoint-dui-attorney\/","name":"Eagle Point DUI Attorney: Keizer, Salem, Woodburn, Jackson County DUI Lawyer","isPartOf":{"@id":"https:\/\/www.gilroynapolishort.com\/#website"},"primaryImageOfPage":{"@id":"https:\/\/www.gilroynapolishort.com\/eaglepoint-dui-attorney\/#primaryimage"},"image":{"@id":"https:\/\/www.gilroynapolishort.com\/eaglepoint-dui-attorney\/#primaryimage"},"thumbnailUrl":"https:\/\/gnslawgroup.wpenginepowered.com\/wp-content\/uploads\/2019\/02\/i-62903-DUII-Lawyers-4456.jpg","datePublished":"2024-03-02T16:37:02+00:00","dateModified":"2024-11-21T16:44:25+00:00","description":"Jackson County DUI Attorney: Call on us if you've been charged with DUII drunk driving in Eagle Point, Salem or Woodburn Oregon. Free Consultation.","breadcrumb":{"@id":"https:\/\/www.gilroynapolishort.com\/eaglepoint-dui-attorney\/#breadcrumb"},"inLanguage":"es","potentialAction":[{"@type":"ReadAction","target":["https:\/\/www.gilroynapolishort.com\/eaglepoint-dui-attorney\/"]}]},{"@type":"ImageObject","inLanguage":"es","@id":"https:\/\/www.gilroynapolishort.com\/eaglepoint-dui-attorney\/#primaryimage","url":"https:\/\/gnslawgroup.wpenginepowered.com\/wp-content\/uploads\/2019\/02\/i-62903-DUII-Lawyers-4456.jpg","contentUrl":"https:\/\/gnslawgroup.wpenginepowered.com\/wp-content\/uploads\/2019\/02\/i-62903-DUII-Lawyers-4456.jpg"},{"@type":"BreadcrumbList","@id":"https:\/\/www.gilroynapolishort.com\/eaglepoint-dui-attorney\/#breadcrumb","itemListElement":[{"@type":"ListItem","position":1,"name":"Home","item":"https:\/\/www.gilroynapolishort.com\/"},{"@type":"ListItem","position":2,"name":"Eagle Point DUI Attorney"}]},{"@type":"WebSite","@id":"https:\/\/www.gilroynapolishort.com\/#website","url":"https:\/\/www.gilroynapolishort.com\/","name":"Grupo de abogados Gilroy Napoli Short","description":"","potentialAction":[{"@type":"SearchAction","target":{"@type":"EntryPoint","urlTemplate":"https:\/\/www.gilroynapolishort.com\/?s={search_term_string}"},"query-input":{"@type":"PropertyValueSpecification","valueRequired":true,"valueName":"search_term_string"}}],"inLanguage":"es"}]}},"_links":{"self":[{"href":"https:\/\/www.gilroynapolishort.com\/es\/wp-json\/wp\/v2\/pages\/3934","targetHints":{"allow":["GET"]}}],"collection":[{"href":"https:\/\/www.gilroynapolishort.com\/es\/wp-json\/wp\/v2\/pages"}],"about":[{"href":"https:\/\/www.gilroynapolishort.com\/es\/wp-json\/wp\/v2\/types\/page"}],"author":[{"embeddable":true,"href":"https:\/\/www.gilroynapolishort.com\/es\/wp-json\/wp\/v2\/users\/6"}],"replies":[{"embeddable":true,"href":"https:\/\/www.gilroynapolishort.com\/es\/wp-json\/wp\/v2\/comments?post=3934"}],"version-history":[{"count":0,"href":"https:\/\/www.gilroynapolishort.com\/es\/wp-json\/wp\/v2\/pages\/3934\/revisions"}],"wp:attachment":[{"href":"https:\/\/www.gilroynapolishort.com\/es\/wp-json\/wp\/v2\/media?parent=3934"}],"curies":[{"name":"wp","href":"https:\/\/api.w.org\/{rel}","templated":true}]}}