{"id":3935,"date":"2024-05-03T07:35:00","date_gmt":"2024-05-03T14:35:00","guid":{"rendered":"https:\/\/www.gilroynapolishort.com\/?page_id=3935"},"modified":"2024-11-21T08:42:31","modified_gmt":"2024-11-21T16:42:31","slug":"central-point-dui-attorney","status":"publish","type":"page","link":"https:\/\/www.gilroynapolishort.com\/es\/central-point-dui-attorney\/","title":{"rendered":"Abogado de DUI de Central Point"},"content":{"rendered":"<h1 style=\"text-align: left;\">Defendiendo acusaciones de conducir bajo los efectos del alcohol en Central Point<\/h1>\n<p style=\"text-align: left;\">Lidiar con una acusaci\u00f3n por conducir bajo los efectos del alcohol en Central Point puede ser abrumador, pero no est\u00e1 solo en este desaf\u00edo. En Gilroy Napoli Short, comprendemos el gran impacto que una acusaci\u00f3n por conducir bajo los efectos del alcohol puede tener en su vida. Nuestros abogados expertos en casos de DUI en Central Point est\u00e1n aqu\u00ed para brindarle la tranquilidad y la confianza de una representaci\u00f3n legal profesional. Lo guiaremos a trav\u00e9s del proceso legal, defenderemos sus derechos y garantizaremos el mejor resultado posible para su situaci\u00f3n.<\/p>\n<h2 style=\"text-align: left;\">Abogados de DUI de primer nivel en Central Point<\/h2>\n<p>Enfrentar un arresto y una acusaci\u00f3n por conducir bajo los efectos del alcohol puede generar un gran estr\u00e9s, especialmente para quienes se inician en el sistema legal. Contratar a un abogado penalista distinguido y con experiencia protege sus derechos. Nuestros expertos abogados le brindan la asesor\u00eda y la orientaci\u00f3n necesarias para obtener resultados \u00f3ptimos.<\/p>\n<p>El estado de Oreg\u00f3n con frecuencia extiende los programas de desv\u00edo a quienes incurren por primera vez en un delito de DUI, atray\u00e9ndolos con lo que parece ser una soluci\u00f3n sencilla. Sin embargo, un abogado experto en DUI de Central Point puede explicar las implicaciones m\u00e1s amplias y navegar por el complejo panorama legal. En ciertos casos, un cargo por DUI puede ser desestimado por completo. Sin embargo, podr\u00eda enfrentar sanciones severas sin la representaci\u00f3n legal adecuada, incluyendo multas, suspensi\u00f3n de licencia e incluso penas de c\u00e1rcel. Por lo tanto, elegir un abogado <a href=\"https:\/\/www.gilroynapolishort.com\/es\/practice-areas\/criminal-defense\/\">abogado defensor penal de gran prestigio<\/a> Es imprescindible que sea capaz de salvaguardar eficazmente sus derechos.<\/p>\n<h2 style=\"text-align: left;\">Fiscal\u00eda local de Central Point<\/h2>\n<p>Central Point, enclavado en el condado de Jackson, Oreg\u00f3n, cuenta con una comunidad din\u00e1mica, famosa por sus impresionantes paisajes y su abundante oferta de actividades al aire libre. Con su creciente poblaci\u00f3n, Central Point da una c\u00e1lida bienvenida tanto a residentes como a visitantes.<\/p>\n<p>Los residentes de Central Point deben priorizar la contrataci\u00f3n de un abogado local. En Gilroy Napoli Short, nuestros abogados locales comprenden las leyes de Oreg\u00f3n y las regulaciones del condado de Jackson. Se desenvuelven con destreza en las complejidades de los sistemas judiciales regionales, ofreciendo una defensa firme. Un abogado experto en los matices de... <a href=\"https:\/\/www.gilroynapolishort.com\/es\/practice-areas\/duii-felony-duii\/\">cargos locales por conducir bajo los efectos del alcohol<\/a> y tener pr\u00e1ctica en el manejo tanto de infractores primerizos como reincidentes mejora significativamente sus posibilidades de obtener una resoluci\u00f3n favorable.<\/p>\n<p><img loading=\"lazy\" decoding=\"async\" src=\"https:\/\/gnslawgroup.wpenginepowered.com\/wp-content\/uploads\/2019\/02\/i-62903-DUII-Lawyers-4456.jpg\" sizes=\"auto, (max-width: 1200px) 100vw, 1200px\" srcset=\"https:\/\/gnslawgroup.wpenginepowered.com\/wp-content\/uploads\/2019\/02\/i-62903-DUII-Lawyers-4456.jpg 1200w, https:\/\/gnslawgroup.wpenginepowered.com\/wp-content\/uploads\/2019\/02\/i-62903-DUII-Lawyers-4456-300x75.jpg 300w, https:\/\/gnslawgroup.wpenginepowered.com\/wp-content\/uploads\/2019\/02\/i-62903-DUII-Lawyers-4456-768x192.jpg 768w, https:\/\/gnslawgroup.wpenginepowered.com\/wp-content\/uploads\/2019\/02\/i-62903-DUII-Lawyers-4456-1024x256.jpg 1024w\" alt=\"\" width=\"1200\" height=\"300\" \/><\/p>\n<h2 style=\"text-align: left;\">Abogados de defensa penal de Central Point<\/h2>\n<p style=\"text-align: left;\">No todos los abogados de defensa penal y de DUI son iguales. Elegir al representante legal adecuado para defender sus libertades y derechos es crucial. Usted merece un profesional experimentado con una amplia experiencia en casos de DUI, plenamente capacitado para comprender las complejidades de la ley. Su equipo legal debe comunicar eficazmente las opciones y estrategias. Comprender las posibles ramificaciones y los gastos asociados es fundamental. Optar por un asesor legal especializado en asuntos penales, en particular en cargos de DUI, le brinda mayor seguridad y maximiza sus posibilidades de que sus cargos sean desestimados.<\/p>\n<h2 style=\"text-align: left;\">Proteja sus derechos con un abogado especializado en DUI en Central Point<\/h2>\n<p style=\"text-align: left;\">Es natural sentir inquietud y confusi\u00f3n al enfrentarse a un cargo por DUI. Solicite asistencia inmediata y claridad llamando al 503-747-7198. Nuestro equipo en Gilroy Napoli Short en Central Point, Oreg\u00f3n, ofrece una consulta inicial gratuita para ayudarle a definir sus opciones legales. Con amplia experiencia defendiendo casos de DUI en el condado de Jackson, Eagle Point, Medford, Ashland y otros condados, nos hemos ganado la reputaci\u00f3n de proteger los intereses de nuestros clientes. <a style=\"color: #000000;\" href=\"https:\/\/www.gilroynapolishort.com\/es\/contact\/\" target=\"_blank\" rel=\"noopener\">Cont\u00e1ctenos<\/a><\/p>\n<p style=\"text-align: center;\"><em>CONSULTAS GRATUITAS\u00a0<\/em><\/p>\n<p style=\"text-align: center;\"><a href=\"tel:5037477198\">503-747-7198 <\/a><\/p>\n<p style=\"text-align: center;\"><strong><em>Se habla espa\u00f1ol.\u00a0 <\/em><\/strong><\/p>\n<p style=\"text-align: left;\"><em>\u00a0<\/em><\/p>\n<p><em>Busc\u00e1bamos a los mejores abogados defensores cerca de m\u00ed cuando encontramos a Jason Short. Recomiendo ampliamente este bufete a cualquiera que tenga un caso pendiente en un tribunal penal.<\/em><\/p>\n<p>\u2013 Gary L. \u2013 Excliente de GNS Law Group<\/p>\n<p>Llame hoy para una consulta gratuita: <a href=\"tel:5037477198\">503-747-7198<\/a><\/p>","protected":false},"excerpt":{"rendered":"<p>Defending DUI Allegations in Central Point Navigating a DUI accusation in Central Point may feel daunting, but you&#8217;re not alone in this challenge. At Gilroy Napoli Short, we understand the&#8230;<\/p>","protected":false},"author":6,"featured_media":0,"parent":0,"menu_order":0,"comment_status":"closed","ping_status":"closed","template":"single-dui-page.php","meta":{"_acf_changed":false,"footnotes":""},"class_list":["post-3935","page","type-page","status-publish","hentry"],"acf":[],"yoast_head":"<!-- This site is optimized with the Yoast SEO plugin v27.3 - https:\/\/yoast.com\/product\/yoast-seo-wordpress\/ -->\n<title>Central Point DUI Attorney: Keizer, Salem, Woodburn, Jackson County DUI Lawyer<\/title>\n<meta name=\"description\" content=\"Jackson County DUI Attorney: Call on us if you&#039;ve been charged with DUII drunk driving in Central Point, Salem or Woodburn Oregon. Free Consultation.\" \/>\n<meta name=\"robots\" content=\"index, follow, max-snippet:-1, max-image-preview:large, max-video-preview:-1\" \/>\n<link rel=\"canonical\" href=\"https:\/\/www.gilroynapolishort.com\/es\/central-point-dui-attorney\/\" \/>\n<meta property=\"og:locale\" content=\"es_MX\" \/>\n<meta property=\"og:type\" content=\"article\" \/>\n<meta property=\"og:title\" content=\"Central Point DUI Attorney: Keizer, Salem, Woodburn, Jackson County DUI Lawyer\" \/>\n<meta property=\"og:description\" content=\"Jackson County DUI Attorney: Call on us if you&#039;ve been charged with DUII drunk driving in Central Point, Salem or Woodburn Oregon. Free Consultation.\" \/>\n<meta property=\"og:url\" content=\"https:\/\/www.gilroynapolishort.com\/es\/central-point-dui-attorney\/\" \/>\n<meta property=\"og:site_name\" content=\"GNS Law Group\" \/>\n<meta property=\"article:modified_time\" content=\"2024-11-21T16:42:31+00:00\" \/>\n<meta property=\"og:image\" content=\"https:\/\/gnslawgroup.wpenginepowered.com\/wp-content\/uploads\/2019\/02\/i-62903-DUII-Lawyers-4456.jpg\" \/>\n<meta name=\"twitter:card\" content=\"summary_large_image\" \/>\n<meta name=\"twitter:label1\" content=\"Est. reading time\" \/>\n\t<meta name=\"twitter:data1\" content=\"3 minutos\" \/>\n<script type=\"application\/ld+json\" class=\"yoast-schema-graph\">{\"@context\":\"https:\\\/\\\/schema.org\",\"@graph\":[{\"@type\":\"WebPage\",\"@id\":\"https:\\\/\\\/www.gilroynapolishort.com\\\/central-point-dui-attorney\\\/\",\"url\":\"https:\\\/\\\/www.gilroynapolishort.com\\\/central-point-dui-attorney\\\/\",\"name\":\"Central Point DUI Attorney: Keizer, Salem, Woodburn, Jackson County DUI Lawyer\",\"isPartOf\":{\"@id\":\"https:\\\/\\\/www.gilroynapolishort.com\\\/#website\"},\"primaryImageOfPage\":{\"@id\":\"https:\\\/\\\/www.gilroynapolishort.com\\\/central-point-dui-attorney\\\/#primaryimage\"},\"image\":{\"@id\":\"https:\\\/\\\/www.gilroynapolishort.com\\\/central-point-dui-attorney\\\/#primaryimage\"},\"thumbnailUrl\":\"https:\\\/\\\/gnslawgroup.wpenginepowered.com\\\/wp-content\\\/uploads\\\/2019\\\/02\\\/i-62903-DUII-Lawyers-4456.jpg\",\"datePublished\":\"2024-05-03T14:35:00+00:00\",\"dateModified\":\"2024-11-21T16:42:31+00:00\",\"description\":\"Jackson County DUI Attorney: Call on us if you've been charged with DUII drunk driving in Central Point, Salem or Woodburn Oregon. Free Consultation.\",\"breadcrumb\":{\"@id\":\"https:\\\/\\\/www.gilroynapolishort.com\\\/central-point-dui-attorney\\\/#breadcrumb\"},\"inLanguage\":\"es\",\"potentialAction\":[{\"@type\":\"ReadAction\",\"target\":[\"https:\\\/\\\/www.gilroynapolishort.com\\\/central-point-dui-attorney\\\/\"]}]},{\"@type\":\"ImageObject\",\"inLanguage\":\"es\",\"@id\":\"https:\\\/\\\/www.gilroynapolishort.com\\\/central-point-dui-attorney\\\/#primaryimage\",\"url\":\"https:\\\/\\\/gnslawgroup.wpenginepowered.com\\\/wp-content\\\/uploads\\\/2019\\\/02\\\/i-62903-DUII-Lawyers-4456.jpg\",\"contentUrl\":\"https:\\\/\\\/gnslawgroup.wpenginepowered.com\\\/wp-content\\\/uploads\\\/2019\\\/02\\\/i-62903-DUII-Lawyers-4456.jpg\"},{\"@type\":\"BreadcrumbList\",\"@id\":\"https:\\\/\\\/www.gilroynapolishort.com\\\/central-point-dui-attorney\\\/#breadcrumb\",\"itemListElement\":[{\"@type\":\"ListItem\",\"position\":1,\"name\":\"Home\",\"item\":\"https:\\\/\\\/www.gilroynapolishort.com\\\/\"},{\"@type\":\"ListItem\",\"position\":2,\"name\":\"Central Point DUI Attorney\"}]},{\"@type\":\"WebSite\",\"@id\":\"https:\\\/\\\/www.gilroynapolishort.com\\\/#website\",\"url\":\"https:\\\/\\\/www.gilroynapolishort.com\\\/\",\"name\":\"Gilroy Napoli Short Law Group\",\"description\":\"\",\"potentialAction\":[{\"@type\":\"SearchAction\",\"target\":{\"@type\":\"EntryPoint\",\"urlTemplate\":\"https:\\\/\\\/www.gilroynapolishort.com\\\/?s={search_term_string}\"},\"query-input\":{\"@type\":\"PropertyValueSpecification\",\"valueRequired\":true,\"valueName\":\"search_term_string\"}}],\"inLanguage\":\"es\"}]}<\/script>\n<!-- \/ Yoast SEO plugin. -->","yoast_head_json":{"title":"Central Point DUI Attorney: Keizer, Salem, Woodburn, Jackson County DUI Lawyer","description":"Jackson County DUI Attorney: Call on us if you've been charged with DUII drunk driving in Central Point, Salem or Woodburn Oregon. Free Consultation.","robots":{"index":"index","follow":"follow","max-snippet":"max-snippet:-1","max-image-preview":"max-image-preview:large","max-video-preview":"max-video-preview:-1"},"canonical":"https:\/\/www.gilroynapolishort.com\/es\/central-point-dui-attorney\/","og_locale":"es_MX","og_type":"article","og_title":"Central Point DUI Attorney: Keizer, Salem, Woodburn, Jackson County DUI Lawyer","og_description":"Jackson County DUI Attorney: Call on us if you've been charged with DUII drunk driving in Central Point, Salem or Woodburn Oregon. Free Consultation.","og_url":"https:\/\/www.gilroynapolishort.com\/es\/central-point-dui-attorney\/","og_site_name":"GNS Law Group","article_modified_time":"2024-11-21T16:42:31+00:00","og_image":[{"url":"https:\/\/gnslawgroup.wpenginepowered.com\/wp-content\/uploads\/2019\/02\/i-62903-DUII-Lawyers-4456.jpg","type":"","width":"","height":""}],"twitter_card":"summary_large_image","twitter_misc":{"Est. reading time":"3 minutos"},"schema":{"@context":"https:\/\/schema.org","@graph":[{"@type":"WebPage","@id":"https:\/\/www.gilroynapolishort.com\/central-point-dui-attorney\/","url":"https:\/\/www.gilroynapolishort.com\/central-point-dui-attorney\/","name":"Central Point DUI Attorney: Keizer, Salem, Woodburn, Jackson County DUI Lawyer","isPartOf":{"@id":"https:\/\/www.gilroynapolishort.com\/#website"},"primaryImageOfPage":{"@id":"https:\/\/www.gilroynapolishort.com\/central-point-dui-attorney\/#primaryimage"},"image":{"@id":"https:\/\/www.gilroynapolishort.com\/central-point-dui-attorney\/#primaryimage"},"thumbnailUrl":"https:\/\/gnslawgroup.wpenginepowered.com\/wp-content\/uploads\/2019\/02\/i-62903-DUII-Lawyers-4456.jpg","datePublished":"2024-05-03T14:35:00+00:00","dateModified":"2024-11-21T16:42:31+00:00","description":"Jackson County DUI Attorney: Call on us if you've been charged with DUII drunk driving in Central Point, Salem or Woodburn Oregon. Free Consultation.","breadcrumb":{"@id":"https:\/\/www.gilroynapolishort.com\/central-point-dui-attorney\/#breadcrumb"},"inLanguage":"es","potentialAction":[{"@type":"ReadAction","target":["https:\/\/www.gilroynapolishort.com\/central-point-dui-attorney\/"]}]},{"@type":"ImageObject","inLanguage":"es","@id":"https:\/\/www.gilroynapolishort.com\/central-point-dui-attorney\/#primaryimage","url":"https:\/\/gnslawgroup.wpenginepowered.com\/wp-content\/uploads\/2019\/02\/i-62903-DUII-Lawyers-4456.jpg","contentUrl":"https:\/\/gnslawgroup.wpenginepowered.com\/wp-content\/uploads\/2019\/02\/i-62903-DUII-Lawyers-4456.jpg"},{"@type":"BreadcrumbList","@id":"https:\/\/www.gilroynapolishort.com\/central-point-dui-attorney\/#breadcrumb","itemListElement":[{"@type":"ListItem","position":1,"name":"Home","item":"https:\/\/www.gilroynapolishort.com\/"},{"@type":"ListItem","position":2,"name":"Central Point DUI Attorney"}]},{"@type":"WebSite","@id":"https:\/\/www.gilroynapolishort.com\/#website","url":"https:\/\/www.gilroynapolishort.com\/","name":"Grupo de abogados Gilroy Napoli Short","description":"","potentialAction":[{"@type":"SearchAction","target":{"@type":"EntryPoint","urlTemplate":"https:\/\/www.gilroynapolishort.com\/?s={search_term_string}"},"query-input":{"@type":"PropertyValueSpecification","valueRequired":true,"valueName":"search_term_string"}}],"inLanguage":"es"}]}},"_links":{"self":[{"href":"https:\/\/www.gilroynapolishort.com\/es\/wp-json\/wp\/v2\/pages\/3935","targetHints":{"allow":["GET"]}}],"collection":[{"href":"https:\/\/www.gilroynapolishort.com\/es\/wp-json\/wp\/v2\/pages"}],"about":[{"href":"https:\/\/www.gilroynapolishort.com\/es\/wp-json\/wp\/v2\/types\/page"}],"author":[{"embeddable":true,"href":"https:\/\/www.gilroynapolishort.com\/es\/wp-json\/wp\/v2\/users\/6"}],"replies":[{"embeddable":true,"href":"https:\/\/www.gilroynapolishort.com\/es\/wp-json\/wp\/v2\/comments?post=3935"}],"version-history":[{"count":0,"href":"https:\/\/www.gilroynapolishort.com\/es\/wp-json\/wp\/v2\/pages\/3935\/revisions"}],"wp:attachment":[{"href":"https:\/\/www.gilroynapolishort.com\/es\/wp-json\/wp\/v2\/media?parent=3935"}],"curies":[{"name":"wp","href":"https:\/\/api.w.org\/{rel}","templated":true}]}}